{"id":9280,"date":"2024-12-21T15:12:51","date_gmt":"2024-12-21T14:12:51","guid":{"rendered":"https:\/\/allergiezentrum.at\/otkazi-termin\/"},"modified":"2025-02-25T13:30:28","modified_gmt":"2025-02-25T12:30:28","slug":"otkazi-termin","status":"publish","type":"page","link":"https:\/\/allergiezentrum.at\/hr\/otkazi-termin\/","title":{"rendered":"Otka\u017ei termin"},"content":{"rendered":"\t\t<div data-elementor-type=\"wp-page\" data-elementor-id=\"9280\" class=\"elementor elementor-9280 elementor-7926\" data-elementor-post-type=\"page\">\n\t\t\t\t<div class=\"elementor-element elementor-element-f544ea2 e-flex e-con-boxed e-con e-parent\" data-id=\"f544ea2\" data-element_type=\"container\" data-e-type=\"container\">\n\t\t\t\t\t<div class=\"e-con-inner\">\n\t\t<div class=\"elementor-element elementor-element-ff4dccb e-con-full e-flex e-con e-child\" data-id=\"ff4dccb\" data-element_type=\"container\" data-e-type=\"container\">\n\t\t\t\t<div class=\"elementor-element elementor-element-04cee3e elementor-widget elementor-widget-shortcode\" data-id=\"04cee3e\" data-element_type=\"widget\" data-e-type=\"widget\" data-widget_type=\"shortcode.default\">\n\t\t\t\t<div class=\"elementor-widget-container\">\n\t\t\t\t\t\t\t<div class=\"elementor-shortcode\"><div class=\"wpforms-container wpforms-container-full\" id=\"wpforms-7922\"><form id=\"wpforms-form-7922\" class=\"wpforms-validate wpforms-form wpforms-ajax-form\" data-formid=\"7922\" method=\"post\" enctype=\"multipart\/form-data\" action=\"\/hr\/wp-json\/wp\/v2\/pages\/9280\" data-token=\"c2927f12ee6cfc6abe1ea2977d6ed6ef\" data-token-time=\"1779022064\"><noscript class=\"wpforms-error-noscript\">Please enable JavaScript in your browser to complete this form.<\/noscript><div class=\"wpforms-field-container\"><div id=\"wpforms-7922-field_11-container\" class=\"wpforms-field wpforms-field-select wpforms-conditional-trigger wpforms-field-select-style-classic\" data-field-id=\"11\"><label class=\"wpforms-field-label\" for=\"wpforms-7922-field_11\">Eine Frage zum Thema:<\/label><select id=\"wpforms-7922-field_11\" class=\"wpforms-field-medium\" name=\"wpforms[fields][11]\"><option value=\"\" class=\"placeholder\" disabled >Bitte ausw\u00e4hlen<\/option><option value=\"Termin verschieben\"  class=\"choice-8 depth-1\"  >Termin verschieben<\/option><option value=\"Termin stornieren\"  selected='selected' class=\"choice-9 depth-1\"  >Termin stornieren<\/option><\/select><\/div><div id=\"wpforms-7922-field_28-container\" class=\"wpforms-field wpforms-field-content wpforms-conditional-field wpforms-conditional-show\" data-field-id=\"28\" style=\"display:none;\"><div id=\"wpforms-7922-field_28\" class=\"wpforms-field-medium wpforms-field-row\"><p style=\"font-weight: 400\">Liebe:r Patient:in,<\/p>\n<p style=\"font-weight: 400\"><strong>wir k\u00f6nnen leider keine Terminanfragen per E-Mail bearbeiten.<\/strong><\/p>\n<p style=\"font-weight: 400\">F\u00fcr einen Termin vor Ort im Allergiezentrum Wien West nutzen Sie bitte aufgrund der mitunter l\u00e4ngeren Wartezeiten am Telefon vorzugsweise unsere online Terminvereinbarung unter <a href=\"http:\/\/www.allergiezentrum.at\/termin\">www.allergiezentrum.at\/termin<\/a>. Es sind alle freien Termine auch online verf\u00fcgbar. F\u00fcr eine telefonische Auskunft ersuchen wir Sie um Kontaktaufnahme unter +43 (1) 9824121. Bitte halten Sie Ihre Sozialversicherungsnummer und falls bekannt auch ihre Patientennummer (haben Sie beim letzten Termin im Allergiezentrum Wien West beim Empfangsschalter erhalten) bereit. Bitte beachten Sie, dass wir Beratungen am Telefon nur f\u00fcr unsere Patient:innen anbieten, die aktuell Patient:innen im Allergiezentrum Wien West sind oder waren und in unserem System registriert sind. Telefonische Arztgespr\u00e4che k\u00f6nnen wir f\u00fcr neue Patient:innen (ohne erstmalige, vorherige Untersuchung bei uns vor Ort) leider nicht anbieten.<\/p>\n<p style=\"font-weight: 400\">Vielen Dank f\u00fcr Ihr Verst\u00e4ndnis!<\/p>\n<p style=\"font-weight: 400\">Mit freundlichen Gr\u00fc\u00dfen,<br \/>\nAllergiezentrum Wien West<\/p>\n<div class=\"wpforms-field-content-display-frontend-clear\"><\/div><\/div><\/div><div id=\"wpforms-7922-field_0-container\" class=\"wpforms-field wpforms-field-name wpforms-conditional-field wpforms-conditional-hide\" data-field-id=\"0\"><label class=\"wpforms-field-label\" for=\"wpforms-7922-field_0\">Name <span class=\"wpforms-required-label\">*<\/span><\/label><div class=\"wpforms-field-row wpforms-field-medium\"><div class=\"wpforms-field-row-block wpforms-first wpforms-one-half\"><input type=\"text\" id=\"wpforms-7922-field_0\" class=\"wpforms-field-name-first wpforms-field-required\" name=\"wpforms[fields][0][first]\" placeholder=\"Vorname\" required><label for=\"wpforms-7922-field_0\" class=\"wpforms-field-sublabel after wpforms-sublabel-hide\">First<\/label><\/div><div class=\"wpforms-field-row-block wpforms-one-half\"><input type=\"text\" id=\"wpforms-7922-field_0-last\" class=\"wpforms-field-name-last wpforms-field-required\" name=\"wpforms[fields][0][last]\" placeholder=\"Nachname\" required><label for=\"wpforms-7922-field_0-last\" class=\"wpforms-field-sublabel after wpforms-sublabel-hide\">Last<\/label><\/div><\/div><\/div><div id=\"wpforms-7922-field_3-container\" class=\"wpforms-field wpforms-field-text wpforms-conditional-field wpforms-conditional-hide\" data-field-id=\"3\"><label class=\"wpforms-field-label\" for=\"wpforms-7922-field_3\">Geburtsdatum <span class=\"wpforms-required-label\">*<\/span><\/label><input type=\"text\" id=\"wpforms-7922-field_3\" class=\"wpforms-field-medium wpforms-field-required wpforms-masked-input\" data-rule-inputmask-incomplete=\"1\" data-inputmask-alias=\"datetime\" data-inputmask-inputformat=\"dd\/mm\/yyyy\" data-inputmask-inputmode=\"numeric\" name=\"wpforms[fields][3]\" required><\/div><div id=\"wpforms-7922-field_8-container\" class=\"wpforms-field wpforms-field-text wpforms-conditional-field wpforms-conditional-hide\" data-field-id=\"8\"><label class=\"wpforms-field-label\" for=\"wpforms-7922-field_8\">Sozialversicherungsnummer (10stellig) <span class=\"wpforms-required-label\">*<\/span><\/label><input type=\"text\" id=\"wpforms-7922-field_8\" class=\"wpforms-field-medium wpforms-field-required\" name=\"wpforms[fields][8]\" required><\/div><div id=\"wpforms-7922-field_9-container\" class=\"wpforms-field wpforms-field-phone wpforms-conditional-field wpforms-conditional-hide\" data-field-id=\"9\"><label class=\"wpforms-field-label\" for=\"wpforms-7922-field_9\">Telefonnummer <span class=\"wpforms-required-label\">*<\/span><\/label><input type=\"tel\" id=\"wpforms-7922-field_9\" class=\"wpforms-field-medium wpforms-field-required\" data-rule-int-phone-field=\"true\" name=\"wpforms[fields][9]\" aria-label=\"Telefonnummer\" required><\/div><div id=\"wpforms-7922-field_1-container\" class=\"wpforms-field wpforms-field-email wpforms-conditional-field wpforms-conditional-hide\" data-field-id=\"1\"><label class=\"wpforms-field-label\" for=\"wpforms-7922-field_1\">E-Mail <span class=\"wpforms-required-label\">*<\/span><\/label><input type=\"email\" id=\"wpforms-7922-field_1\" class=\"wpforms-field-medium wpforms-field-required\" name=\"wpforms[fields][1]\" spellcheck=\"false\" required><\/div><div id=\"wpforms-7922-field_6-container\" class=\"wpforms-field wpforms-field-text wpforms-conditional-field wpforms-conditional-hide\" data-field-id=\"6\"><label class=\"wpforms-field-label\" for=\"wpforms-7922-field_6\">Ihr Patientenpasswort (falls bereits schon erhalten):<\/label><input type=\"text\" id=\"wpforms-7922-field_6\" class=\"wpforms-field-medium\" name=\"wpforms[fields][6]\" ><\/div><div id=\"wpforms-7922-field_14-container\" class=\"wpforms-field wpforms-field-date-time wpforms-conditional-field wpforms-conditional-show\" data-field-id=\"14\" style=\"display:none;\"><label class=\"wpforms-field-label\" for=\"wpforms-7922-field_14\">Welcher Termin soll storniert werden:<\/label><div class=\"wpforms-field-row wpforms-field-medium\"><div class=\"wpforms-field-row-block wpforms-date-type-datepicker\"><div class=\"wpforms-datepicker-wrap\"><input type=\"text\" id=\"wpforms-7922-field_14\" class=\"wpforms-field-date-time-date wpforms-datepicker\" data-date-format=\"d\/m\/Y\" data-disable-past-dates=\"0\" data-input=\"true\" name=\"wpforms[fields][14][date]\" placeholder=\"Datum\" ><a title=\"Clear Date\" data-clear role=\"button\" tabindex=\"0\" class=\"wpforms-datepicker-clear\" aria-label=\"Clear Date\" style=\"display:none;\"><\/a><\/div><label for=\"wpforms-7922-field_14\" class=\"wpforms-field-sublabel after wpforms-sublabel-hide\">Date<\/label><\/div><div class=\"wpforms-field-row-block\"><input type=\"text\" id=\"wpforms-7922-field_14-time\" class=\"wpforms-field-date-time-time wpforms-timepicker\" data-time-format=\"H:i\" data-step=\"15\" data-rule-time24h=\"true\" name=\"wpforms[fields][14][time]\" placeholder=\"Uhrzeit\" ><label for=\"wpforms-7922-field_14-time\" class=\"wpforms-field-sublabel after wpforms-sublabel-hide\">Time<\/label><\/div><\/div><\/div><div id=\"wpforms-7922-field_16-container\" class=\"wpforms-field wpforms-field-textarea wpforms-one-half wpforms-first wpforms-conditional-field wpforms-conditional-hide\" data-field-id=\"16\"><label class=\"wpforms-field-label\" for=\"wpforms-7922-field_16\">Nachricht<\/label><textarea id=\"wpforms-7922-field_16\" class=\"wpforms-field-medium\" name=\"wpforms[fields][16]\" ><\/textarea><\/div><\/div><!-- .wpforms-field-container --><div class=\"wpforms-recaptcha-container wpforms-is-recaptcha wpforms-is-recaptcha-type-invisible\" ><div class=\"g-recaptcha\" data-sitekey=\"6LfuNsMeAAAAAFEsqVJDgovj74aRolChcA45UtYq\" data-size=\"invisible\"><\/div><\/div><div class=\"wpforms-submit-container\" ><input type=\"hidden\" name=\"wpforms[id]\" value=\"7922\"><input type=\"hidden\" name=\"page_title\" value=\"\"><input type=\"hidden\" name=\"page_url\" value=\"https:\/\/allergiezentrum.at\/hr\/wp-json\/wp\/v2\/pages\/9280\"><input type=\"hidden\" name=\"url_referer\" value=\"\"><button type=\"submit\" name=\"wpforms[submit]\" id=\"wpforms-submit-7922\" class=\"wpforms-submit\" data-alt-text=\"Senden....\" data-submit-text=\"Senden\" aria-live=\"assertive\" value=\"wpforms-submit\">Senden<\/button><img decoding=\"async\" src=\"https:\/\/allergiezentrum.at\/wp-content\/plugins\/wpforms\/assets\/images\/submit-spin.svg\" class=\"wpforms-submit-spinner\" style=\"display: none;\" width=\"26\" height=\"26\" alt=\"Loading\"><\/div><\/form><\/div>  <!-- .wpforms-container --><\/div>\n\t\t\t\t\t\t<\/div>\n\t\t\t\t<\/div>\n\t\t\t\t<\/div>\n\t\t<div class=\"elementor-element elementor-element-fdc422d e-con-full e-flex e-con e-child\" data-id=\"fdc422d\" data-element_type=\"container\" data-e-type=\"container\">\n\t\t\t\t<div class=\"elementor-element elementor-element-f74c7d0 elementor-widget elementor-widget-heading\" data-id=\"f74c7d0\" data-element_type=\"widget\" data-e-type=\"widget\" data-widget_type=\"heading.default\">\n\t\t\t\t<div class=\"elementor-widget-container\">\n\t\t\t\t\t<h2 class=\"elementor-heading-title elementor-size-default\">vrijeme otvaranja<\/h2>\t\t\t\t<\/div>\n\t\t\t\t<\/div>\n\t\t\t\t<div class=\"elementor-element elementor-element-4d6b24c elementor-widget elementor-widget-menu-anchor\" data-id=\"4d6b24c\" data-element_type=\"widget\" data-e-type=\"widget\" data-widget_type=\"menu-anchor.default\">\n\t\t\t\t<div class=\"elementor-widget-container\">\n\t\t\t\t\t\t\t<div class=\"elementor-menu-anchor\" id=\"Vremenacijepljenja\"><\/div>\n\t\t\t\t\t\t<\/div>\n\t\t\t\t<\/div>\n\t\t\t\t<div class=\"elementor-element elementor-element-b412bfe elementor-widget elementor-widget-text-editor\" data-id=\"b412bfe\" data-element_type=\"widget\" data-e-type=\"widget\" data-widget_type=\"text-editor.default\">\n\t\t\t\t<div class=\"elementor-widget-container\">\n\t\t\t\t\t\t\t\t\t<pre id=\"tw-target-text\" class=\"tw-data-text tw-text-large tw-ta\" dir=\"ltr\" data-placeholder=\"\u00dcbersetzung\" data-ved=\"2ahUKEwje-ob_zd6LAxWzhv0HHWkqMskQ3ewLegQIBxAV\" aria-label=\"\u00dcbersetzter Text: Od ponedjeljka do petka:\"><span class=\"Y2IQFc\" lang=\"hr\">Od ponedjeljka do petka: <\/span><strong>8 \u2013 12 \r\n<\/strong><span style=\"font-size: 1rem;\">Od ponedjeljka do \u010detvrtka: <\/span><strong style=\"font-size: 1rem;\">13<\/strong><strong style=\"font-size: 1rem;\"> \u2013 18 \r\n<\/strong><span class=\"Y2IQFc\" lang=\"hr\">utorak i srijeda<\/span>: <strong>14<\/strong><strong> \u2013 19 <\/strong><\/pre>\n\t\t\t\t\t\t\t\t<\/div>\n\t\t\t\t<\/div>\n\t\t\t\t<div class=\"elementor-element elementor-element-8f7f06b elementor-widget elementor-widget-text-editor\" data-id=\"8f7f06b\" data-element_type=\"widget\" data-e-type=\"widget\" data-widget_type=\"text-editor.default\">\n\t\t\t\t<div class=\"elementor-widget-container\">\n\t\t\t\t\t\t\t\t\t<pre id=\"tw-target-text\" class=\"tw-data-text tw-text-large tw-ta\" dir=\"ltr\" data-placeholder=\"\u00dcbersetzung\" data-ved=\"2ahUKEwje-ob_zd6LAxWzhv0HHWkqMskQ3ewLegQIBxAV\" aria-label=\"\u00dcbersetzter Text: Obavezna prijava termina\"><em><strong><span class=\"Y2IQFc\" lang=\"hr\">Obavezna prijava termina<\/span><\/strong><\/em><\/pre>\n\t\t\t\t\t\t\t\t<\/div>\n\t\t\t\t<\/div>\n\t\t\t\t<div class=\"elementor-element elementor-element-8b1d4f3 elementor-widget elementor-widget-heading\" data-id=\"8b1d4f3\" data-element_type=\"widget\" data-e-type=\"widget\" data-widget_type=\"heading.default\">\n\t\t\t\t<div class=\"elementor-widget-container\">\n\t\t\t\t\t<h2 class=\"elementor-heading-title elementor-size-default\">Vremena cijepljenja<\/h2>\t\t\t\t<\/div>\n\t\t\t\t<\/div>\n\t\t\t\t<div class=\"elementor-element elementor-element-54a57c7 elementor-widget elementor-widget-text-editor\" data-id=\"54a57c7\" data-element_type=\"widget\" data-e-type=\"widget\" data-widget_type=\"text-editor.default\">\n\t\t\t\t<div class=\"elementor-widget-container\">\n\t\t\t\t\t\t\t\t\t<p><span class=\"Y2IQFc\" lang=\"hr\">Od ponedjeljka do petka<\/span>: <strong>8 \u2013 11\u00a0<\/strong><strong class=\"nobr\"><br \/>\n<\/strong>Od ponedjeljka do \u010detvrtka:<strong> 14 \u2013 17\u00a0<\/strong><\/p>\n\t\t\t\t\t\t\t\t<\/div>\n\t\t\t\t<\/div>\n\t\t\t\t<div class=\"elementor-element elementor-element-2533a68 elementor-widget elementor-widget-text-editor\" data-id=\"2533a68\" data-element_type=\"widget\" data-e-type=\"widget\" data-widget_type=\"text-editor.default\">\n\t\t\t\t<div class=\"elementor-widget-container\">\n\t\t\t\t\t\t\t\t\t<p><em><strong><span class=\"Y2IQFc\" lang=\"hr\">Obavezna prijava termina<\/span><\/strong><\/em><\/p>\n\t\t\t\t\t\t\t\t<\/div>\n\t\t\t\t<\/div>\n\t\t\t\t<div class=\"elementor-element elementor-element-69d12ce elementor-widget elementor-widget-heading\" data-id=\"69d12ce\" data-element_type=\"widget\" data-e-type=\"widget\" data-widget_type=\"heading.default\">\n\t\t\t\t<div class=\"elementor-widget-container\">\n\t\t\t\t\t<h2 class=\"elementor-heading-title elementor-size-default\">Radno vrijeme telefona<\/h2>\t\t\t\t<\/div>\n\t\t\t\t<\/div>\n\t\t\t\t<div class=\"elementor-element elementor-element-05100bc elementor-widget elementor-widget-menu-anchor\" data-id=\"05100bc\" data-element_type=\"widget\" data-e-type=\"widget\" data-widget_type=\"menu-anchor.default\">\n\t\t\t\t<div class=\"elementor-widget-container\">\n\t\t\t\t\t\t\t<div class=\"elementor-menu-anchor\" id=\"Radnovrijemetelefona\"><\/div>\n\t\t\t\t\t\t<\/div>\n\t\t\t\t<\/div>\n\t\t\t\t<div class=\"elementor-element elementor-element-8ea355d elementor-widget elementor-widget-text-editor\" data-id=\"8ea355d\" data-element_type=\"widget\" data-e-type=\"widget\" data-widget_type=\"text-editor.default\">\n\t\t\t\t<div class=\"elementor-widget-container\">\n\t\t\t\t\t\t\t\t\t<p>Telefonski sati zavr\u0161avaju 30 minuta prije vremena re\u0111enja.<\/p>\n<p><span class=\"Y2IQFc\" lang=\"hr\">Od ponedjeljka do petka: <\/span><strong>8 \u2013 11:30<br \/>\n<\/strong><span style=\"font-size: 1rem;\">Od ponedjeljka do \u010detvrtka: <\/span><strong style=\"font-size: 1rem;\">13<\/strong><strong style=\"font-size: 1rem;\"> \u2013 17:30<br \/>\n<\/strong><span class=\"Y2IQFc\" lang=\"hr\">utorak i srijeda<\/span>: <strong>14<\/strong><strong> \u2013 18:30\u00a0<\/strong><\/p>\n\t\t\t\t\t\t\t\t<\/div>\n\t\t\t\t<\/div>\n\t\t\t\t<\/div>\n\t\t\t\t\t<\/div>\n\t\t\t\t<\/div>\n\t\t<div class=\"elementor-element elementor-element-3881e37 elementor-hidden-desktop elementor-hidden-tablet elementor-hidden-mobile e-flex e-con-boxed e-con e-parent\" data-id=\"3881e37\" data-element_type=\"container\" data-e-type=\"container\">\n\t\t\t\t\t<div class=\"e-con-inner\">\n\t\t\t\t<div class=\"elementor-element elementor-element-953c00b elementor-widget elementor-widget-heading\" data-id=\"953c00b\" data-element_type=\"widget\" data-e-type=\"widget\" data-widget_type=\"heading.default\">\n\t\t\t\t<div class=\"elementor-widget-container\">\n\t\t\t\t\t<h2 class=\"elementor-heading-title elementor-size-default\">Dogovorite termin<\/h2>\t\t\t\t<\/div>\n\t\t\t\t<\/div>\n\t\t\t\t<div class=\"elementor-element elementor-element-f0dd883 elementor-widget__width-initial elementor-widget elementor-widget-text-editor\" data-id=\"f0dd883\" data-element_type=\"widget\" data-e-type=\"widget\" data-widget_type=\"text-editor.default\">\n\t\t\t\t<div class=\"elementor-widget-container\">\n\t\t\t\t\t\t\t\t\t<pre id=\"tw-target-text\" class=\"tw-data-text tw-text-large tw-ta\" dir=\"ltr\" data-placeholder=\"\u00dcbersetzung\" data-ved=\"2ahUKEwje-ob_zd6LAxWzhv0HHWkqMskQ3ewLegQIBxAV\" aria-label=\"\u00dcbersetzter Text: Zaka\u017eite novi termin: Svoj termin mo\u017eete zakazati online ovdje u na\u0161em kalendaru termina (svi slobodni termini su online) ili telefonom na +43 (1) 982 41 21. Na\u017ealost, ne mo\u017eemo obraditi zahtjeve za termin putem e-po\u0161te. Otka\u017ei termin: Ovdje mo\u017eete otkazati ve\u0107 dogovorene termine online ili pozivom na +43 (1) 982 41 21. Pomaknite termin: Ako \u017eelite pomaknuti svoj termin, prvo morate otkazati svoj termin ovdje online ili pozivom na +43 (1) 982 41 21. Zatim morate ugovoriti novi termin ovdje online u na\u0161em kalendaru termina ili putem telefona na +43 (1) 982 41 21. Na\u017ealost, ne mo\u017eemo obraditi zahtjeve za termin putem e-po\u0161te. Telefonsko zakazivanje konzultacija: Ako \u017eelite informacije putem telefona, obratite nam se na +43 (1) 9824121. Molimo vas da pripremite svoj mati\u010dni broj i, ako ga znate, broj pacijenta (koji ste dobili na recepciji na zadnjem pregledu u Alergocentru Be\u010d Zapad). Imajte na umu da nudimo samo telefonske konzultacije za na\u0161e pacijente koji su trenutno ili su bili pacijenti u Allergy Center Vienna West i registrirani su u na\u0161em sustavu. Na\u017ealost, ne mo\u017eemo ponuditi telefonske konzultacije s lije\u010dnicima za nove pacijente (bez inicijalnog, prethodnog pregleda na licu mjesta).\"><span class=\"Y2IQFc\" lang=\"hr\">Allergiezentrum Wien West, H\u00fctteldorferstra\u00dfe 46, 1150 Wien\r\n\r\nPristup bez prepreka: Lift za stepenice u H\u00fctteldorferstra\u00dfe 44\r\n\r\nAllergiezentrum Wien West, H\u00fctteldorferstra\u00dfe 46, 1150 Wien\r\n\r\nPristup bez prepreka: Lift za stepenice u H\u00fctteldorferstra\u00dfe 44\r\n\r\n<span style=\"text-decoration: underline;\">Zaka\u017eite novi termin:<\/span>\r\n\r\nSvoj termin mo\u017eete zakazati <a href=\"http:\/\/www.allergiezentrum.at\/termin\">online<\/a> ovdje u na\u0161em kalendaru termina (svi slobodni termini su online) ili telefonom na +43 (1) 982 41 21. Na\u017ealost, ne mo\u017eemo obraditi zahtjeve za termin putem e-po\u0161te. \r\n\r\n<span style=\"text-decoration: underline;\">Otka\u017ei termin:<\/span>\r\n\r\nOvdje mo\u017eete otkazati ve\u0107 dogovorene termine online ili pozivom na +43 (1) 982 41 21.\r\n\r\n<span style=\"text-decoration: underline;\">Pomaknite termin:<\/span>\r\n\r\nAko \u017eelite pomaknuti svoj termin, prvo morate otkazati svoj termin ovdje online ili pozivom na +43 (1) 982 41 21. Zatim morate ugovoriti novi termin ovdje online u na\u0161em kalendaru termina ili putem telefona na +43 (1) 982 41 21. Na\u017ealost, ne mo\u017eemo obraditi zahtjeve za termin putem e-po\u0161te. \r\n\r\n<span style=\"text-decoration: underline;\">Telefonsko zakazivanje konzultacija:<\/span>\r\n\r\nAko \u017eelite informacije putem telefona, obratite nam se na +43 (1) 9824121. Molimo vas da pripremite svoj mati\u010dni broj i, ako ga znate, broj pacijenta (koji ste dobili na recepciji na zadnjem pregledu u Allergiezentrum Wien West). Imajte na umu da nudimo samo telefonske konzultacije za na\u0161e pacijente koji su trenutno ili su bili pacijenti u Allergiezentrum Wien West i registrirani su u na\u0161em sustavu. Na\u017ealost, ne mo\u017eemo ponuditi telefonske konzultacije s lije\u010dnicima za nove pacijente (bez inicijalnog, prethodnog pregleda na licu mjesta).<\/span><\/pre>\n\t\t\t\t\t\t\t\t<\/div>\n\t\t\t\t<\/div>\n\t\t\t\t\t<\/div>\n\t\t\t\t<\/div>\n\t\t\t\t<\/div>\n\t\t","protected":false},"excerpt":{"rendered":"<p>vrijeme otvaranja Od ponedjeljka do petka: 8 \u2013 12 Od ponedjeljka do \u010detvrtka: 13 \u2013 18 utorak i srijeda: 14 \u2013 19 Obavezna prijava termina Vremena cijepljenja Od ponedjeljka do petka: 8 \u2013 11\u00a0 Od ponedjeljka do \u010detvrtka: 14 \u2013 17\u00a0 Obavezna prijava termina Radno vrijeme telefona Telefonski sati zavr\u0161avaju 30 minuta prije vremena re\u0111enja. [&hellip;]<\/p>\n","protected":false},"author":1,"featured_media":0,"parent":0,"menu_order":0,"comment_status":"closed","ping_status":"closed","template":"","meta":{"_acf_changed":false,"footnotes":""},"class_list":["post-9280","page","type-page","status-publish","hentry"],"acf":[],"_links":{"self":[{"href":"https:\/\/allergiezentrum.at\/hr\/wp-json\/wp\/v2\/pages\/9280","targetHints":{"allow":["GET"]}}],"collection":[{"href":"https:\/\/allergiezentrum.at\/hr\/wp-json\/wp\/v2\/pages"}],"about":[{"href":"https:\/\/allergiezentrum.at\/hr\/wp-json\/wp\/v2\/types\/page"}],"author":[{"embeddable":true,"href":"https:\/\/allergiezentrum.at\/hr\/wp-json\/wp\/v2\/users\/1"}],"replies":[{"embeddable":true,"href":"https:\/\/allergiezentrum.at\/hr\/wp-json\/wp\/v2\/comments?post=9280"}],"version-history":[{"count":3,"href":"https:\/\/allergiezentrum.at\/hr\/wp-json\/wp\/v2\/pages\/9280\/revisions"}],"predecessor-version":[{"id":9283,"href":"https:\/\/allergiezentrum.at\/hr\/wp-json\/wp\/v2\/pages\/9280\/revisions\/9283"}],"wp:attachment":[{"href":"https:\/\/allergiezentrum.at\/hr\/wp-json\/wp\/v2\/media?parent=9280"}],"curies":[{"name":"wp","href":"https:\/\/api.w.org\/{rel}","templated":true}]}}