{"id":9395,"date":"2022-11-18T12:06:28","date_gmt":"2022-11-18T11:06:28","guid":{"rendered":"https:\/\/allergiezentrum.at\/%d0%b8%d0%bc%d0%b5%d0%bd%d0%be%d0%b2%d0%b0%d1%9a%d0%b5\/"},"modified":"2025-06-10T14:16:34","modified_gmt":"2025-06-10T12:16:34","slug":"%d0%b8%d0%bc%d0%b5%d0%bd%d0%be%d0%b2%d0%b0%d1%9a%d0%b5","status":"publish","type":"page","link":"https:\/\/allergiezentrum.at\/sr\/%d0%b8%d0%bc%d0%b5%d0%bd%d0%be%d0%b2%d0%b0%d1%9a%d0%b5\/","title":{"rendered":"zakazivanje termina"},"content":{"rendered":"\t\t<div data-elementor-type=\"wp-page\" data-elementor-id=\"9395\" class=\"elementor elementor-9395 elementor-3628\" data-elementor-post-type=\"page\">\n\t\t\t\t<div class=\"elementor-element elementor-element-44396ed e-flex e-con-boxed e-con e-parent\" data-id=\"44396ed\" data-element_type=\"container\" data-e-type=\"container\">\n\t\t\t\t\t<div class=\"e-con-inner\">\n\t\t\t\t<div class=\"elementor-element elementor-element-ff9e07b elementor-widget elementor-widget-heading\" data-id=\"ff9e07b\" data-element_type=\"widget\" data-e-type=\"widget\" data-settings=\"{&quot;_animation&quot;:&quot;none&quot;,&quot;_animation_mobile&quot;:&quot;none&quot;}\" data-widget_type=\"heading.default\">\n\t\t\t\t<div class=\"elementor-widget-container\">\n\t\t\t\t\t<h1 class=\"elementor-heading-title elementor-size-default\">zakazivanje termina<\/h1>\t\t\t\t<\/div>\n\t\t\t\t<\/div>\n\t\t\t\t<div class=\"elementor-element elementor-element-6be373f elementor-widget elementor-widget-text-editor\" data-id=\"6be373f\" data-element_type=\"widget\" data-e-type=\"widget\" data-widget_type=\"text-editor.default\">\n\t\t\t\t<div class=\"elementor-widget-container\">\n\t\t\t\t\t\t\t\t\t<p>Molimo Vas da pod vrstom termina odaberete \u017eeljenu pretragu ili tretman, a zatim izaberete slobodan termin koji Vam najvi\u0161e odgovara. <span lang=\"DE-AT\">Za svaki termin mo\u017ee se prijaviti samo jedna osoba. Ako \u017eelite da se naru\u010de vi\u0161e osoba, svaka mora imati svoj zaseban termin (na primer, za dvoje dece morate rezervisati dva odvojena termina). <\/span><\/p>\t\t\t\t\t\t\t\t<\/div>\n\t\t\t\t<\/div>\n\t\t\t\t<div class=\"elementor-element elementor-element-3e8991a elementor-widget elementor-widget-html\" data-id=\"3e8991a\" data-element_type=\"widget\" data-e-type=\"widget\" data-widget_type=\"html.default\">\n\t\t\t\t<div class=\"elementor-widget-container\">\n\t\t\t\t\t<!--<p>You are using <span id=\"browser\"><\/span> <span id=\"version\"><\/span> on <span id=\"os\"><\/span><\/p>\n    <!--<script type=\"text\/javascript\" src=\"browserdetect.js\"><\/script>\n    <script type=\"text\/javascript\">\n        document.getElementById(\"os\").innerText = BrowserDetect.OS;\n        document.getElementById(\"browser\").innerText = BrowserDetect.browser;\n        document.getElementById(\"version\").innerText = BrowserDetect.version;\n    <\/script>-->\n    <iframe name=\"aceto-terminreservierung\" src=\"https:\/\/aceto365.com\/ACETOwebkalender\/auswahl?seriennummer=1485353000&amp;auftrag=-1\" style=\"width:100%;height:1000px;\" onload=\"iFrameResize({heightCalculationMethod: 'taggedElement'}, this);\" frameborder=\"0\"><\/iframe>\t\t\t\t<\/div>\n\t\t\t\t<\/div>\n\t\t\t\t\t<\/div>\n\t\t\t\t<\/div>\n\t\t\t\t<\/div>\n\t\t","protected":false},"excerpt":{"rendered":"<p>zakazivanje termina Molimo Vas da pod vrstom termina odaberete \u017eeljenu pretragu ili tretman, a zatim izaberete slobodan termin koji Vam najvi\u0161e odgovara. Za svaki termin mo\u017ee se prijaviti samo jedna osoba. Ako \u017eelite da se naru\u010de vi\u0161e osoba, svaka mora imati svoj zaseban termin (na primer, za dvoje dece morate rezervisati dva odvojena termina).<\/p>\n","protected":false},"author":1,"featured_media":0,"parent":0,"menu_order":0,"comment_status":"closed","ping_status":"closed","template":"","meta":{"_acf_changed":false,"footnotes":""},"class_list":["post-9395","page","type-page","status-publish","hentry"],"acf":[],"_links":{"self":[{"href":"https:\/\/allergiezentrum.at\/sr\/wp-json\/wp\/v2\/pages\/9395","targetHints":{"allow":["GET"]}}],"collection":[{"href":"https:\/\/allergiezentrum.at\/sr\/wp-json\/wp\/v2\/pages"}],"about":[{"href":"https:\/\/allergiezentrum.at\/sr\/wp-json\/wp\/v2\/types\/page"}],"author":[{"embeddable":true,"href":"https:\/\/allergiezentrum.at\/sr\/wp-json\/wp\/v2\/users\/1"}],"replies":[{"embeddable":true,"href":"https:\/\/allergiezentrum.at\/sr\/wp-json\/wp\/v2\/comments?post=9395"}],"version-history":[{"count":5,"href":"https:\/\/allergiezentrum.at\/sr\/wp-json\/wp\/v2\/pages\/9395\/revisions"}],"predecessor-version":[{"id":10156,"href":"https:\/\/allergiezentrum.at\/sr\/wp-json\/wp\/v2\/pages\/9395\/revisions\/10156"}],"wp:attachment":[{"href":"https:\/\/allergiezentrum.at\/sr\/wp-json\/wp\/v2\/media?parent=9395"}],"curies":[{"name":"wp","href":"https:\/\/api.w.org\/{rel}","templated":true}]}}