{"id":9435,"date":"2022-11-02T09:56:02","date_gmt":"2022-11-02T08:56:02","guid":{"rendered":"https:\/\/allergiezentrum.at\/%d0%be%d1%82%d0%b8%d1%81%d0%b0%d0%ba\/"},"modified":"2025-05-19T15:27:30","modified_gmt":"2025-05-19T13:27:30","slug":"%d0%be%d1%82%d0%b8%d1%81%d0%b0%d0%ba","status":"publish","type":"page","link":"https:\/\/allergiezentrum.at\/sr\/%d0%be%d1%82%d0%b8%d1%81%d0%b0%d0%ba\/","title":{"rendered":"otisak"},"content":{"rendered":"\t\t<div data-elementor-type=\"wp-page\" data-elementor-id=\"9435\" class=\"elementor elementor-9435 elementor-3017\" data-elementor-post-type=\"page\">\n\t\t\t\t\t\t<section class=\"elementor-section elementor-top-section elementor-element elementor-element-f2fc831 elementor-section-boxed elementor-section-height-default elementor-section-height-default\" data-id=\"f2fc831\" data-element_type=\"section\" data-e-type=\"section\">\n\t\t\t\t\t\t<div class=\"elementor-container elementor-column-gap-default\">\n\t\t\t\t\t<div class=\"elementor-column elementor-col-100 elementor-top-column elementor-element elementor-element-4872393\" data-id=\"4872393\" data-element_type=\"column\" data-e-type=\"column\">\n\t\t\t<div class=\"elementor-widget-wrap elementor-element-populated\">\n\t\t\t\t\t\t<section class=\"elementor-section elementor-inner-section elementor-element elementor-element-36f51227 elementor-section-boxed elementor-section-height-default elementor-section-height-default\" data-id=\"36f51227\" data-element_type=\"section\" data-e-type=\"section\" data-settings=\"{&quot;animation&quot;:&quot;none&quot;}\">\n\t\t\t\t\t\t<div class=\"elementor-container elementor-column-gap-no\">\n\t\t\t\t\t<div class=\"elementor-column elementor-col-100 elementor-inner-column elementor-element elementor-element-853e37b\" data-id=\"853e37b\" data-element_type=\"column\" data-e-type=\"column\" data-settings=\"{&quot;animation&quot;:&quot;none&quot;}\">\n\t\t\t<div class=\"elementor-widget-wrap elementor-element-populated\">\n\t\t\t\t\t\t<div class=\"elementor-element elementor-element-f86ddf6 elementor-widget elementor-widget-heading\" data-id=\"f86ddf6\" data-element_type=\"widget\" data-e-type=\"widget\" data-settings=\"{&quot;_animation&quot;:&quot;none&quot;,&quot;_animation_mobile&quot;:&quot;none&quot;}\" data-widget_type=\"heading.default\">\n\t\t\t\t<div class=\"elementor-widget-container\">\n\t\t\t\t\t<h1 class=\"elementor-heading-title elementor-size-default\">otisak<\/h1>\t\t\t\t<\/div>\n\t\t\t\t<\/div>\n\t\t\t\t\t<\/div>\n\t\t<\/div>\n\t\t\t\t\t<\/div>\n\t\t<\/section>\n\t\t\t\t<div class=\"elementor-element elementor-element-a70d98a elementor-widget elementor-widget-heading\" data-id=\"a70d98a\" data-element_type=\"widget\" data-e-type=\"widget\" data-widget_type=\"heading.default\">\n\t\t\t\t<div class=\"elementor-widget-container\">\n\t\t\t\t\t<h2 class=\"elementor-heading-title elementor-size-default\">Otkrivanje u skladu sa \u010dlanom 5. Zakona o elektronskoj trgovini, \u010dlanom 14. Austrijskog trgova\u010dkog zakona, \u010dlanom 25. Zakona o medijima:<\/h2>\t\t\t\t<\/div>\n\t\t\t\t<\/div>\n\t\t\t\t<div class=\"elementor-element elementor-element-9069b6d elementor-widget elementor-widget-text-editor\" data-id=\"9069b6d\" data-element_type=\"widget\" data-e-type=\"widget\" data-widget_type=\"text-editor.default\">\n\t\t\t\t<div class=\"elementor-widget-container\">\n\t\t\t\t\t\t\t\t\t<p><strong>(Mediji) Vlasnik\/Operator veb stranice<\/strong><br>Allergieambulatorium W.W. GmbH (u daljem tekstu i Allergiezentrum Wien West)<\/p><p><strong>Sedi\u0161te\/geografska adresa kompanije<\/strong><br>H\u00fctteldorfer Stra\u00dfe 44-46, A-1150 Wien<\/p><p><strong>Registar preduzec\u0301a<\/strong><br>Privredni registar broj FN: 96410f, Privredni registarski sud: Privredni sud u Be\u010du<\/p><p><strong>PDV identifikacioni broj\/UID broj<\/strong><br>UID-Nr ATU 16184402<\/p><p><strong>kontakt<\/strong><br>Telefon.: +43 1 9824121<\/p><p><strong>Delatnost preduze\u0107a, dozvola za obavljanje delatnosti<\/strong><br>Obavljanje delatnosti samostalne privatne zdravstvene ustanove u pravnoj formi samostalne ambulante.<\/p><p>Propisi koji ure\u0111uju profesiju i delatnost:<br><a href=\"https:\/\/www.ris.bka.gv.at\/Dokument.wxe?ResultFunctionToken=6d1f1e6a-cdb7-445d-a53f-40e6eed413fb&amp;Abfrage=Gesamtabfrage&amp;SearchInAsylGH=&amp;SearchInAvn=&amp;SearchInAvsv=&amp;SearchInBegut=&amp;SearchInBgblAlt=&amp;SearchInBgblAuth=&amp;SearchInBgblPdf=&amp;SearchInBks=&amp;SearchInBundesnormen=&amp;SearchInDok=&amp;SearchInDsk=&amp;SearchInErlaesse=&amp;SearchInGbk=&amp;SearchInGemeinderecht=&amp;SearchInJustiz=&amp;SearchInBvwg=&amp;SearchInLvwg=&amp;SearchInLgbl=&amp;SearchInLgblNO=&amp;SearchInLgblAuth=&amp;SearchInLandesnormen=&amp;SearchInNormenliste=&amp;SearchInPruefGewO=&amp;SearchInPvak=&amp;SearchInRegV=&amp;SearchInSpg=&amp;SearchInUbas=&amp;SearchInUmse=&amp;SearchInUvs=&amp;SearchInVerg=&amp;SearchInVfgh=&amp;SearchInVwgh=&amp;ImRisSeitVonDatum=&amp;ImRisSeitBisDatum=&amp;ImRisSeit=Undefined&amp;ResultPageSize=100&amp;Suchworte=e+commerce+gesetz&amp;Dokumentnummer=NL00007647\">Zakon o elektronskoj trgovini (E-Commerce-Gesetz),<\/a><br><a href=\"https:\/\/www.ris.bka.gv.at\/Dokument.wxe?ResultFunctionToken=e2dfb5d6-cabf-4d0c-82d1-c23ae08f65bd&amp;Position=1&amp;SkipToDocumentPage=True&amp;Abfrage=Gesamtabfrage&amp;SearchInAsylGH=False&amp;SearchInAvn=False&amp;SearchInAvsv=False&amp;SearchInBegut=False&amp;SearchInBgblAlt=False&amp;SearchInBgblAuth=False&amp;SearchInBgblPdf=False&amp;SearchInBks=False&amp;SearchInBundesnormen=False&amp;SearchInDok=False&amp;SearchInDsk=False&amp;SearchInErlaesse=False&amp;SearchInGbk=False&amp;SearchInGemeinderecht=False&amp;SearchInJustiz=False&amp;SearchInBvwg=False&amp;SearchInLvwg=False&amp;SearchInLgbl=False&amp;SearchInLgblNO=False&amp;SearchInLgblAuth=False&amp;SearchInLandesnormen=False&amp;SearchInNormenliste=False&amp;SearchInPruefGewO=False&amp;SearchInPvak=False&amp;SearchInRegV=False&amp;SearchInSpg=False&amp;SearchInUbas=False&amp;SearchInUmse=False&amp;SearchInUvs=False&amp;SearchInVerg=False&amp;SearchInVfgh=False&amp;SearchInVwgh=False&amp;ImRisSeitVonDatum=&amp;ImRisSeitBisDatum=&amp;ImRisSeit=Undefined&amp;ResultPageSize=100&amp;Suchworte=gewerbeordnung&amp;Dokumentnummer=NL00002269\">Zakon o obavljanju privredne delatnosti iz 1994. godine (Gewerbeordnung 1994)<\/a>,<br><a href=\"https:\/\/www.ris.bka.gv.at\/Dokument.wxe?ResultFunctionToken=b13a1c1b-780d-4d4d-b5cf-cc71a2baeb04&amp;Position=1&amp;SkipToDocumentPage=True&amp;Abfrage=Gesamtabfrage&amp;SearchInAsylGH=False&amp;SearchInAvn=False&amp;SearchInAvsv=False&amp;SearchInBegut=False&amp;SearchInBgblAlt=False&amp;SearchInBgblAuth=False&amp;SearchInBgblPdf=False&amp;SearchInBks=False&amp;SearchInBundesnormen=False&amp;SearchInDok=False&amp;SearchInDsk=False&amp;SearchInErlaesse=False&amp;SearchInGbk=False&amp;SearchInGemeinderecht=False&amp;SearchInJustiz=False&amp;SearchInBvwg=False&amp;SearchInLvwg=False&amp;SearchInLgbl=False&amp;SearchInLgblNO=False&amp;SearchInLgblAuth=False&amp;SearchInLandesnormen=False&amp;SearchInNormenliste=False&amp;SearchInPruefGewO=False&amp;SearchInPvak=False&amp;SearchInRegV=False&amp;SearchInSpg=False&amp;SearchInUbas=False&amp;SearchInUmse=False&amp;SearchInUvs=False&amp;SearchInVerg=False&amp;SearchInVfgh=False&amp;SearchInVwgh=False&amp;ImRisSeitVonDatum=&amp;ImRisSeitBisDatum=&amp;ImRisSeit=Undefined&amp;ResultPageSize=100&amp;Suchworte=mediengesetz&amp;Dokumentnummer=NL00003717\">Zakon o medijima (Mediengesetz)<\/a>,<br><a href=\"https:\/\/www.ris.bka.gv.at\/Dokument.wxe?ResultFunctionToken=37ef5c9b-dafc-4f25-95b4-1e2e4cff23e0&amp;Position=1&amp;SkipToDocumentPage=True&amp;Abfrage=Gesamtabfrage&amp;SearchInAsylGH=False&amp;SearchInAvn=False&amp;SearchInAvsv=False&amp;SearchInBegut=False&amp;SearchInBgblAlt=False&amp;SearchInBgblAuth=False&amp;SearchInBgblPdf=False&amp;SearchInBks=False&amp;SearchInBundesnormen=False&amp;SearchInDok=False&amp;SearchInDsk=False&amp;SearchInErlaesse=False&amp;SearchInGbk=False&amp;SearchInGemeinderecht=False&amp;SearchInJustiz=False&amp;SearchInBvwg=False&amp;SearchInLvwg=False&amp;SearchInLgbl=False&amp;SearchInLgblNO=False&amp;SearchInLgblAuth=False&amp;SearchInLandesnormen=False&amp;SearchInNormenliste=False&amp;SearchInPruefGewO=False&amp;SearchInPvak=False&amp;SearchInRegV=False&amp;SearchInSpg=False&amp;SearchInUbas=False&amp;SearchInUmse=False&amp;SearchInUvs=False&amp;SearchInVerg=False&amp;SearchInVfgh=False&amp;SearchInVwgh=False&amp;ImRisSeitVonDatum=&amp;ImRisSeitBisDatum=&amp;ImRisSeit=Undefined&amp;ResultPageSize=100&amp;Suchworte=Unternehmensgesetzbuch&amp;Dokumentnummer=NL00010432\">Zakon o privrednim dru\u0161tvima (Unternehmensgesetzbuch \u2013 UGB)<\/a>.<br>Svi navedeni propisi dostupni su na: <a href=\"https:\/\/www.ris.bka.gv.at\/GeltendeFassung.wxe?Abfrage=Bundesnormen&amp;Gesetzesnummer=10001702\">www.ris.bka.gv.at<\/a>.<\/p><p><strong>Nadzorni organ:<\/strong><br>Magistrat Grada Be\u010da<\/p><p><strong>\u010clanstvo u komori:<\/strong><br>Privredna komora Austrije (Wirtschaftskammer \u00d6sterreich, www.wko.at)<\/p><p><strong>Menad\u017ement<\/strong><br>Mag. Mirko Paul H\u00e4mmerle<\/p><p><strong>Medicinsko rukovodstvo<\/strong><br>Prim.Priv.-Doz. Dr. Fritz Horak<\/p><p><strong>Grundlegende Richtung des Mediums<\/strong><br>Zweck der Website der Allergieambulatorium W.W. GmbH (kurz: Allergiezentrum) ist die Vermittlung von Informationen \u00fcber das Unternehmen und dessen Dienstleistungen und damit zusammenh\u00e4ngende Informationen. Diese Informationen sind kein Angebot im<br>rechtlichen Sinn. <\/p><p><strong>Izrada \/ Realizacija<\/strong><br>Everybodysdarling-Design&amp;Kreativ Studio<br class=\"\"><a class=\"\" href=\"http:\/\/www.everybodysdarling.me\/\">www.everybodysdarling.me<\/a><\/p>\t\t\t\t\t\t\t\t<\/div>\n\t\t\t\t<\/div>\n\t\t\t\t\t<\/div>\n\t\t<\/div>\n\t\t\t\t\t<\/div>\n\t\t<\/section>\n\t\t\t\t<\/div>\n\t\t","protected":false},"excerpt":{"rendered":"<p>otisak Otkrivanje u skladu sa \u010dlanom 5. Zakona o elektronskoj trgovini, \u010dlanom 14. Austrijskog trgova\u010dkog zakona, \u010dlanom 25. Zakona o medijima: (Mediji) Vlasnik\/Operator veb straniceAllergieambulatorium W.W. GmbH (u daljem tekstu i Allergiezentrum Wien West) Sedi\u0161te\/geografska adresa kompanijeH\u00fctteldorfer Stra\u00dfe 44-46, A-1150 Wien Registar preduzec\u0301aPrivredni registar broj FN: 96410f, Privredni registarski sud: Privredni sud u Be\u010du PDV [&hellip;]<\/p>\n","protected":false},"author":1,"featured_media":0,"parent":0,"menu_order":0,"comment_status":"closed","ping_status":"closed","template":"elementor_header_footer","meta":{"_acf_changed":false,"footnotes":""},"class_list":["post-9435","page","type-page","status-publish","hentry"],"acf":[],"_links":{"self":[{"href":"https:\/\/allergiezentrum.at\/sr\/wp-json\/wp\/v2\/pages\/9435","targetHints":{"allow":["GET"]}}],"collection":[{"href":"https:\/\/allergiezentrum.at\/sr\/wp-json\/wp\/v2\/pages"}],"about":[{"href":"https:\/\/allergiezentrum.at\/sr\/wp-json\/wp\/v2\/types\/page"}],"author":[{"embeddable":true,"href":"https:\/\/allergiezentrum.at\/sr\/wp-json\/wp\/v2\/users\/1"}],"replies":[{"embeddable":true,"href":"https:\/\/allergiezentrum.at\/sr\/wp-json\/wp\/v2\/comments?post=9435"}],"version-history":[{"count":3,"href":"https:\/\/allergiezentrum.at\/sr\/wp-json\/wp\/v2\/pages\/9435\/revisions"}],"predecessor-version":[{"id":10020,"href":"https:\/\/allergiezentrum.at\/sr\/wp-json\/wp\/v2\/pages\/9435\/revisions\/10020"}],"wp:attachment":[{"href":"https:\/\/allergiezentrum.at\/sr\/wp-json\/wp\/v2\/media?parent=9435"}],"curies":[{"name":"wp","href":"https:\/\/api.w.org\/{rel}","templated":true}]}}