{"id":9332,"date":"2022-10-19T09:41:56","date_gmt":"2022-10-19T07:41:56","guid":{"rendered":"https:\/\/allergiezentrum.at\/izlemek\/"},"modified":"2025-03-11T15:54:09","modified_gmt":"2025-03-11T14:54:09","slug":"izlemek","status":"publish","type":"page","link":"https:\/\/allergiezentrum.at\/tr\/izlemek\/","title":{"rendered":"\u0130zlemek"},"content":{"rendered":"\t\t<div data-elementor-type=\"wp-page\" data-elementor-id=\"9332\" class=\"elementor elementor-9332 elementor-2246\" data-elementor-post-type=\"page\">\n\t\t\t\t\t\t<section class=\"elementor-section elementor-top-section elementor-element elementor-element-2314a109 elementor-section-full_width elementor-section-height-min-height elementor-section-items-stretch elementor-section-content-middle elementor-section-height-default\" data-id=\"2314a109\" data-element_type=\"section\" data-e-type=\"section\" data-settings=\"{&quot;animation&quot;:&quot;none&quot;}\">\n\t\t\t\t\t\t<div class=\"elementor-container elementor-column-gap-no\">\n\t\t\t\t\t<div class=\"elementor-column elementor-col-100 elementor-top-column elementor-element elementor-element-1c4a7484\" data-id=\"1c4a7484\" data-element_type=\"column\" data-e-type=\"column\" data-settings=\"{&quot;animation&quot;:&quot;none&quot;}\">\n\t\t\t<div class=\"elementor-widget-wrap elementor-element-populated\">\n\t\t\t\t\t\t<div class=\"elementor-element elementor-element-66dd73bc elementor-widget__width-initial elementor-absolute elementor-widget-tablet__width-initial elementor-widget-mobile__width-inherit elementor-widget elementor-widget-spacer\" data-id=\"66dd73bc\" data-element_type=\"widget\" data-e-type=\"widget\" data-settings=\"{&quot;_position&quot;:&quot;absolute&quot;,&quot;motion_fx_motion_fx_scrolling&quot;:&quot;yes&quot;,&quot;motion_fx_translateX_effect&quot;:&quot;yes&quot;,&quot;motion_fx_translateX_speed&quot;:{&quot;unit&quot;:&quot;px&quot;,&quot;size&quot;:&quot;1.2&quot;,&quot;sizes&quot;:[]},&quot;motion_fx_devices&quot;:[&quot;desktop&quot;,&quot;tablet&quot;],&quot;motion_fx_translateX_affectedRange&quot;:{&quot;unit&quot;:&quot;%&quot;,&quot;size&quot;:&quot;&quot;,&quot;sizes&quot;:{&quot;start&quot;:0,&quot;end&quot;:100}}}\" data-widget_type=\"spacer.default\">\n\t\t\t\t<div class=\"elementor-widget-container\">\n\t\t\t\t\t\t\t<div class=\"elementor-spacer\">\n\t\t\t<div class=\"elementor-spacer-inner\"><\/div>\n\t\t<\/div>\n\t\t\t\t\t\t<\/div>\n\t\t\t\t<\/div>\n\t\t\t\t<div class=\"elementor-element elementor-element-79321eba elementor-widget__width-initial elementor-absolute elementor-widget-tablet__width-initial elementor-widget-mobile__width-initial elementor-widget elementor-widget-spacer\" data-id=\"79321eba\" data-element_type=\"widget\" data-e-type=\"widget\" data-settings=\"{&quot;_position&quot;:&quot;absolute&quot;,&quot;_animation&quot;:&quot;none&quot;}\" data-widget_type=\"spacer.default\">\n\t\t\t\t<div class=\"elementor-widget-container\">\n\t\t\t\t\t\t\t<div class=\"elementor-spacer\">\n\t\t\t<div class=\"elementor-spacer-inner\"><\/div>\n\t\t<\/div>\n\t\t\t\t\t\t<\/div>\n\t\t\t\t<\/div>\n\t\t<div class=\"elementor-element elementor-element-bcb6547 e-con-full e-flex e-con e-parent\" data-id=\"bcb6547\" data-element_type=\"container\" data-e-type=\"container\" data-settings=\"{&quot;animation&quot;:&quot;none&quot;}\">\n\t\t\t\t<div class=\"elementor-element elementor-element-72b47bc elementor-widget elementor-widget-heading\" data-id=\"72b47bc\" data-element_type=\"widget\" data-e-type=\"widget\" data-settings=\"{&quot;_animation&quot;:&quot;none&quot;,&quot;_animation_mobile&quot;:&quot;none&quot;}\" data-widget_type=\"heading.default\">\n\t\t\t\t<div class=\"elementor-widget-container\">\n\t\t\t\t\t<h1 class=\"elementor-heading-title elementor-size-default\">\u0130zlemek<\/h1>\t\t\t\t<\/div>\n\t\t\t\t<\/div>\n\t\t\t\t<div class=\"elementor-element elementor-element-7aacde6 elementor-widget elementor-widget-text-editor\" data-id=\"7aacde6\" data-element_type=\"widget\" data-e-type=\"widget\" data-widget_type=\"text-editor.default\">\n\t\t\t\t<div class=\"elementor-widget-container\">\n\t\t\t\t\t\t\t\t\t<p>Allergiezentrum Wien West, Avusturya&#8217;n\u0131n en b\u00fcy\u00fck alerji enstit\u00fclerinden biridir ve 35 y\u0131l\u0131 a\u015fk\u0131n bir s\u00fcre \u00f6nce kurulmu\u015ftur. Viyana&#8217;n\u0131n 15. b\u00f6lgesindeki alerji merkezi, Prim.Priv.-Doz&#8217;un t\u0131bbi y\u00f6netimi alt\u0131nda hizmet vermektedir. Dr. Fritz Horak, en son bilimsel bulgulara dayanarak alerjik hastal\u0131klara y\u00f6nelik geni\u015f bir yelpazede muayene ve tedaviler sunmaktad\u0131r.<\/p>\n<p>Temel alerji te\u015fhislerinin (deri testi, IgE) yan\u0131 s\u0131ra ila\u00e7 testi, alerji \u00e7ip testleri, so\u011fuk\/s\u0131cak \u00fcrtiker a\u00e7\u0131klamalar\u0131, yama testleri, spirometri ve nazal provokasyon testleri gibi \u00f6zel muayeneler de buna dahildir.<\/p>\n<p>G\u0131da intoleranslar\u0131n\u0131 a\u00e7\u0131kl\u0131\u011fa kavu\u015fturmak i\u00e7in Viyana Bat\u0131 Alerji Merkezi, kapsaml\u0131 beslenme \u00f6nerilerinin yan\u0131 s\u0131ra H2 nefes testleri (laktoz, fruktoz, sorbitol, glikoz) ve histamin intolerans\u0131 testleri sunmaktad\u0131r.<\/p>\n<p>Allergiezentrum Wien West, t\u00fcm ihtiya\u00e7lara cevap vermeye ve her \u015feyden \u00f6nce \u00e7ocuklar\u0131n olumlu, korkusuz ve \u00e7ocuk dostu bir ortamda muayene olmalar\u0131na olanak sa\u011flamaya \u00e7al\u0131\u015fmaktad\u0131r.<\/p>\n\t\t\t\t\t\t\t\t<\/div>\n\t\t\t\t<\/div>\n\t\t\t\t<\/div>\n\t\t\t\t\t<\/div>\n\t\t<\/div>\n\t\t\t\t\t<\/div>\n\t\t<\/section>\n\t\t\t\t<\/div>\n\t\t","protected":false},"excerpt":{"rendered":"<p>\u0130zlemek Allergiezentrum Wien West, Avusturya&#8217;n\u0131n en b\u00fcy\u00fck alerji enstit\u00fclerinden biridir ve 35 y\u0131l\u0131 a\u015fk\u0131n bir s\u00fcre \u00f6nce kurulmu\u015ftur. Viyana&#8217;n\u0131n 15. b\u00f6lgesindeki alerji merkezi, Prim.Priv.-Doz&#8217;un t\u0131bbi y\u00f6netimi alt\u0131nda hizmet vermektedir. Dr. Fritz Horak, en son bilimsel bulgulara dayanarak alerjik hastal\u0131klara y\u00f6nelik geni\u015f bir yelpazede muayene ve tedaviler sunmaktad\u0131r. Temel alerji te\u015fhislerinin (deri testi, IgE) yan\u0131 s\u0131ra [&hellip;]<\/p>\n","protected":false},"author":1,"featured_media":0,"parent":0,"menu_order":0,"comment_status":"closed","ping_status":"closed","template":"elementor_header_footer","meta":{"_acf_changed":false,"footnotes":""},"class_list":["post-9332","page","type-page","status-publish","hentry"],"acf":[],"_links":{"self":[{"href":"https:\/\/allergiezentrum.at\/tr\/wp-json\/wp\/v2\/pages\/9332","targetHints":{"allow":["GET"]}}],"collection":[{"href":"https:\/\/allergiezentrum.at\/tr\/wp-json\/wp\/v2\/pages"}],"about":[{"href":"https:\/\/allergiezentrum.at\/tr\/wp-json\/wp\/v2\/types\/page"}],"author":[{"embeddable":true,"href":"https:\/\/allergiezentrum.at\/tr\/wp-json\/wp\/v2\/users\/1"}],"replies":[{"embeddable":true,"href":"https:\/\/allergiezentrum.at\/tr\/wp-json\/wp\/v2\/comments?post=9332"}],"version-history":[{"count":1,"href":"https:\/\/allergiezentrum.at\/tr\/wp-json\/wp\/v2\/pages\/9332\/revisions"}],"predecessor-version":[{"id":9333,"href":"https:\/\/allergiezentrum.at\/tr\/wp-json\/wp\/v2\/pages\/9332\/revisions\/9333"}],"wp:attachment":[{"href":"https:\/\/allergiezentrum.at\/tr\/wp-json\/wp\/v2\/media?parent=9332"}],"curies":[{"name":"wp","href":"https:\/\/api.w.org\/{rel}","templated":true}]}}