{"id":9363,"date":"2022-12-16T10:40:29","date_gmt":"2022-12-16T09:40:29","guid":{"rendered":"https:\/\/allergiezentrum.at\/randevulu-beslenme-danismanligi\/"},"modified":"2025-03-11T17:14:21","modified_gmt":"2025-03-11T16:14:21","slug":"randevulu-beslenme-danismanligi","status":"publish","type":"page","link":"https:\/\/allergiezentrum.at\/tr\/randevulu-beslenme-danismanligi\/","title":{"rendered":"Randevulu beslenme dan\u0131\u015fmanl\u0131\u011f\u0131"},"content":{"rendered":"\t\t<div data-elementor-type=\"wp-page\" data-elementor-id=\"9363\" class=\"elementor elementor-9363 elementor-4937\" data-elementor-post-type=\"page\">\n\t\t\t\t<div class=\"elementor-element elementor-element-44396ed e-flex e-con-boxed e-con e-parent\" data-id=\"44396ed\" data-element_type=\"container\" data-e-type=\"container\">\n\t\t\t\t\t<div class=\"e-con-inner\">\n\t\t\t\t<div class=\"elementor-element elementor-element-ff9e07b elementor-widget elementor-widget-heading\" data-id=\"ff9e07b\" data-element_type=\"widget\" data-e-type=\"widget\" data-settings=\"{&quot;_animation&quot;:&quot;none&quot;,&quot;_animation_mobile&quot;:&quot;none&quot;}\" data-widget_type=\"heading.default\">\n\t\t\t\t<div class=\"elementor-widget-container\">\n\t\t\t\t\t<h1 class=\"elementor-heading-title elementor-size-default\">Randevulu beslenme dan\u0131\u015fmanl\u0131\u011f\u0131<\/h1>\t\t\t\t<\/div>\n\t\t\t\t<\/div>\n\t\t\t\t<div class=\"elementor-element elementor-element-12ff4a5 elementor-widget elementor-widget-html\" data-id=\"12ff4a5\" data-element_type=\"widget\" data-e-type=\"widget\" data-widget_type=\"html.default\">\n\t\t\t\t<div class=\"elementor-widget-container\">\n\t\t\t\t\t<!--<p>You are using <span id=\"browser\"><\/span> <span id=\"version\"><\/span> on <span id=\"os\"><\/span><\/p>\n    <!--<script type=\"text\/javascript\" src=\"browserdetect.js\"><\/script>\n    <script type=\"text\/javascript\">\n        document.getElementById(\"os\").innerText = BrowserDetect.OS;\n        document.getElementById(\"browser\").innerText = BrowserDetect.browser;\n        document.getElementById(\"version\").innerText = BrowserDetect.version;\n    <\/script>-->\n    <iframe name=\"aceto-terminreservierung\" src=\"https:\/\/aceto365.com\/ACETOwebkalender\/auswahl?seriennummer=1485353000&amp;auftrag=535\" style=\"width:100%;height:1000px;\" onload=\"iFrameResize({heightCalculationMethod: 'taggedElement'}, this);\" frameborder=\"0\"><\/iframe>\t\t\t\t<\/div>\n\t\t\t\t<\/div>\n\t\t\t\t\t<\/div>\n\t\t\t\t<\/div>\n\t\t\t\t<\/div>\n\t\t","protected":false},"excerpt":{"rendered":"<p>Randevulu beslenme dan\u0131\u015fmanl\u0131\u011f\u0131<\/p>\n","protected":false},"author":1,"featured_media":0,"parent":0,"menu_order":0,"comment_status":"closed","ping_status":"closed","template":"","meta":{"_acf_changed":false,"footnotes":""},"class_list":["post-9363","page","type-page","status-publish","hentry"],"acf":[],"_links":{"self":[{"href":"https:\/\/allergiezentrum.at\/tr\/wp-json\/wp\/v2\/pages\/9363","targetHints":{"allow":["GET"]}}],"collection":[{"href":"https:\/\/allergiezentrum.at\/tr\/wp-json\/wp\/v2\/pages"}],"about":[{"href":"https:\/\/allergiezentrum.at\/tr\/wp-json\/wp\/v2\/types\/page"}],"author":[{"embeddable":true,"href":"https:\/\/allergiezentrum.at\/tr\/wp-json\/wp\/v2\/users\/1"}],"replies":[{"embeddable":true,"href":"https:\/\/allergiezentrum.at\/tr\/wp-json\/wp\/v2\/comments?post=9363"}],"version-history":[{"count":1,"href":"https:\/\/allergiezentrum.at\/tr\/wp-json\/wp\/v2\/pages\/9363\/revisions"}],"predecessor-version":[{"id":9366,"href":"https:\/\/allergiezentrum.at\/tr\/wp-json\/wp\/v2\/pages\/9363\/revisions\/9366"}],"wp:attachment":[{"href":"https:\/\/allergiezentrum.at\/tr\/wp-json\/wp\/v2\/media?parent=9363"}],"curies":[{"name":"wp","href":"https:\/\/api.w.org\/{rel}","templated":true}]}}