{"id":9587,"date":"2022-06-27T11:34:34","date_gmt":"2022-06-27T09:34:34","guid":{"rendered":"https:\/\/allergiezentrum.at\/arastirma\/"},"modified":"2025-03-11T17:15:00","modified_gmt":"2025-03-11T16:15:00","slug":"arastirma","status":"publish","type":"page","link":"https:\/\/allergiezentrum.at\/tr\/arastirma\/","title":{"rendered":"Ara\u015ft\u0131rma"},"content":{"rendered":"\t\t<div data-elementor-type=\"wp-page\" data-elementor-id=\"9587\" class=\"elementor elementor-9587 elementor-936\" data-elementor-post-type=\"page\">\n\t\t\t\t\t\t<section class=\"elementor-section elementor-top-section elementor-element elementor-element-2314a109 elementor-section-full_width elementor-section-height-min-height elementor-section-items-stretch elementor-section-content-middle elementor-section-height-default\" data-id=\"2314a109\" data-element_type=\"section\" data-e-type=\"section\" data-settings=\"{&quot;animation&quot;:&quot;none&quot;}\">\n\t\t\t\t\t\t<div class=\"elementor-container elementor-column-gap-no\">\n\t\t\t\t\t<div class=\"elementor-column elementor-col-100 elementor-top-column elementor-element elementor-element-1c4a7484\" data-id=\"1c4a7484\" data-element_type=\"column\" data-e-type=\"column\" data-settings=\"{&quot;animation&quot;:&quot;none&quot;}\">\n\t\t\t<div class=\"elementor-widget-wrap elementor-element-populated\">\n\t\t\t\t\t\t<div class=\"elementor-element elementor-element-66dd73bc elementor-widget__width-initial elementor-absolute elementor-widget-tablet__width-initial elementor-widget-mobile__width-inherit elementor-widget elementor-widget-spacer\" data-id=\"66dd73bc\" data-element_type=\"widget\" data-e-type=\"widget\" data-settings=\"{&quot;_position&quot;:&quot;absolute&quot;,&quot;motion_fx_motion_fx_scrolling&quot;:&quot;yes&quot;,&quot;motion_fx_translateX_effect&quot;:&quot;yes&quot;,&quot;motion_fx_translateX_speed&quot;:{&quot;unit&quot;:&quot;px&quot;,&quot;size&quot;:&quot;1.2&quot;,&quot;sizes&quot;:[]},&quot;motion_fx_devices&quot;:[&quot;desktop&quot;,&quot;tablet&quot;],&quot;motion_fx_translateX_affectedRange&quot;:{&quot;unit&quot;:&quot;%&quot;,&quot;size&quot;:&quot;&quot;,&quot;sizes&quot;:{&quot;start&quot;:0,&quot;end&quot;:100}}}\" data-widget_type=\"spacer.default\">\n\t\t\t\t<div class=\"elementor-widget-container\">\n\t\t\t\t\t\t\t<div class=\"elementor-spacer\">\n\t\t\t<div class=\"elementor-spacer-inner\"><\/div>\n\t\t<\/div>\n\t\t\t\t\t\t<\/div>\n\t\t\t\t<\/div>\n\t\t\t\t<div class=\"elementor-element elementor-element-79321eba elementor-widget__width-initial elementor-absolute elementor-widget-tablet__width-initial elementor-widget-mobile__width-initial elementor-widget elementor-widget-spacer\" data-id=\"79321eba\" data-element_type=\"widget\" data-e-type=\"widget\" data-settings=\"{&quot;_position&quot;:&quot;absolute&quot;,&quot;_animation&quot;:&quot;none&quot;}\" data-widget_type=\"spacer.default\">\n\t\t\t\t<div class=\"elementor-widget-container\">\n\t\t\t\t\t\t\t<div class=\"elementor-spacer\">\n\t\t\t<div class=\"elementor-spacer-inner\"><\/div>\n\t\t<\/div>\n\t\t\t\t\t\t<\/div>\n\t\t\t\t<\/div>\n\t\t<div class=\"elementor-element elementor-element-d43f613 e-con-full e-flex e-con e-parent\" data-id=\"d43f613\" data-element_type=\"container\" data-e-type=\"container\" data-settings=\"{&quot;animation&quot;:&quot;none&quot;}\">\n\t\t\t\t<div class=\"elementor-element elementor-element-c27d5a1 elementor-widget elementor-widget-heading\" data-id=\"c27d5a1\" data-element_type=\"widget\" data-e-type=\"widget\" data-settings=\"{&quot;_animation&quot;:&quot;none&quot;,&quot;_animation_mobile&quot;:&quot;none&quot;}\" data-widget_type=\"heading.default\">\n\t\t\t\t<div class=\"elementor-widget-container\">\n\t\t\t\t\t<h1 class=\"elementor-heading-title elementor-size-default\">Ara\u015ft\u0131rma<\/h1>\t\t\t\t<\/div>\n\t\t\t\t<\/div>\n\t\t\t\t<div class=\"elementor-element elementor-element-82ab132 elementor-widget elementor-widget-text-editor\" data-id=\"82ab132\" data-element_type=\"widget\" data-e-type=\"widget\" data-widget_type=\"text-editor.default\">\n\t\t\t\t<div class=\"elementor-widget-container\">\n\t\t\t\t\t\t\t\t\t<div class=\"mkdf-section-title-holder mkdf-st-standard mkdf-st-title-left mkdf-st-normal-space mkdf-st-disable-title-break\">\n<div class=\"mkdf-st-inner\">\n<p>Tan\u0131 ve tedavi alan\u0131ndaki klinik \u00e7al\u0131\u015fmalar merkezimizde d\u00fczenli olarak y\u00fcr\u00fct\u00fclmektedir.<\/p>\n<p>Viyana T\u0131p \u00dcniversitesi <a href=\"http:\/\/www.meduniwien.ac.at\/ipa\" target=\"_blank\" rel=\"noopener noreferrer\">Patofizyoloji ve Alerji Ara\u015ft\u0131rma Enstit\u00fcs\u00fc<\/a>, Viyana T\u0131p \u00dcniversitesi <a href=\"https:\/\/www.meduniwien.ac.at\/kinderklinik\/wir-ueber-uns\/klinische-abteilung-fuer-paediatrische-pulmologie-allergologie-und-endokrinologie\/\" target=\"_blank\" rel=\"noopener noreferrer\">Pediatrik Pulmonoloji, Alerji ve Endokrinoloji B\u00f6l\u00fcm\u00fc<\/a> ve <a href=\"http:\/\/www.vcc.at\/\">Viyana Challenge Chamber<\/a> ile i\u015fbirli\u011fimizi s\u00fcrd\u00fcr\u00fcyor ve Almanca <a href=\"https:\/\/www.anaphylaxie.net\/en\" target=\"_blank\" rel=\"noopener noreferrer\">anafilaksi kayd\u0131na<\/a> kat\u0131l\u0131yoruz.<\/p>\n<\/div>\n<p>Di\u011ferlerinin yan\u0131 s\u0131ra, yak\u0131n zamanda \u015firketimizde a\u015fa\u011f\u0131daki \u00e7al\u0131\u015fmalar y\u00fcr\u00fct\u00fclm\u00fc\u015ft\u00fcr\/y\u00fcr\u00fct\u00fclmektedir:<\/p>\n<\/div>\n\t\t\t\t\t\t\t\t<\/div>\n\t\t\t\t<\/div>\n\t\t\t\t<\/div>\n\t\t\t\t\t<\/div>\n\t\t<\/div>\n\t\t\t\t\t<\/div>\n\t\t<\/section>\n\t\t<div class=\"elementor-element elementor-element-0cc9dc1 e-flex e-con-boxed e-con e-parent\" data-id=\"0cc9dc1\" data-element_type=\"container\" data-e-type=\"container\" data-settings=\"{&quot;background_background&quot;:&quot;classic&quot;}\">\n\t\t\t\t\t<div class=\"e-con-inner\">\n\t\t\t\t<div class=\"elementor-element elementor-element-f12a7f3 elementor-widget elementor-widget-heading\" data-id=\"f12a7f3\" data-element_type=\"widget\" data-e-type=\"widget\" data-settings=\"{&quot;_animation&quot;:&quot;none&quot;,&quot;_animation_mobile&quot;:&quot;none&quot;}\" data-widget_type=\"heading.default\">\n\t\t\t\t<div class=\"elementor-widget-container\">\n\t\t\t\t\t<h2 class=\"elementor-heading-title elementor-size-default\">\u00c7al\u0131\u015fmalar<\/h2>\t\t\t\t<\/div>\n\t\t\t\t<\/div>\n\t\t\t\t<div class=\"elementor-element elementor-element-5695077 elementor-widget elementor-widget-ucaddon_uc_material_bullets\" data-id=\"5695077\" data-element_type=\"widget\" data-e-type=\"widget\" data-widget_type=\"ucaddon_uc_material_bullets.default\">\n\t\t\t\t<div class=\"elementor-widget-container\">\n\t\t\t\t\t\n<!-- start Icon Bullets -->\n\t\t<link id='font-awesome-css' href='https:\/\/allergiezentrum.at\/wp-content\/plugins\/unlimited-elements-for-elementor-premium\/assets_libraries\/font-awesome6\/fontawesome-all.min.css' type='text\/css' rel='stylesheet' >\n\t\t<link id='font-awesome-4-shim-css' href='https:\/\/allergiezentrum.at\/wp-content\/plugins\/unlimited-elements-for-elementor-premium\/assets_libraries\/font-awesome6\/fontawesome-v4-shims.min.css' type='text\/css' rel='stylesheet' >\n\n<style>\/* widget: Icon Bullets *\/\n\n#uc_uc_material_bullets_elementor_5695077 *{\n\t-webkit-box-sizing: border-box;\n\t-moz-box-sizing: border-box;\n\tbox-sizing: border-box;\n}\n\n#uc_uc_material_bullets_elementor_5695077 .uc-bullet-active{\n}\n\n\n#uc_uc_material_bullets_elementor_5695077 .ue-icon\n{\n  display:flex;\n  align-items:center;\n  justify-content:center;\n  flex-grow:0;\n  flex-shrink:0;\n  line-height:1em;\n  transition:0.3s;\n}\n\n#uc_uc_material_bullets_elementor_5695077 .ue-icon svg\n{\n  height:1em;\n  width:1em;\n}\n\n\n#uc_uc_material_bullets_elementor_5695077 .uc_material_bullets_row\n{\n\tfont-weight:400;\n\toverflow:hidden;\n\tdisplay:flex;\n\tposition:relative;\n\ttext-align:left;\n\twidth:100%;\n   \n    transition:0.3s;\n}\n\n\n#uc_uc_material_bullets_elementor_5695077 .uc_material_bullets_row a.ue-item-link\n{\n  position:absolute;\n  display:block;\n  top:0;\n  right:0;\n  left:0;\n  bottom:0;\n}\n\n#uc_uc_material_bullets_elementor_5695077 .uc_material_bullets_row:last-child\n{\n\tmargin-bottom:0px !important;\n}\n\n\n#uc_uc_material_bullets_elementor_5695077 .uc_material_bullets_row \n{\n\tposition:relative;\n\tvertical-align:middle;\n}\n\n#uc_uc_material_bullets_elementor_5695077 .uc_material_bullets_row .uc_content_box\n{\n\tdisplay:flex;\n    flex-direction:column;\n    justify-content:center;\n    align-items: flex-start;\n    flex-grow:1;\n}\n\n#uc_uc_material_bullets_elementor_5695077 .ue-bullets\n{\n  display:grid;\n}\n\n#uc_uc_material_bullets_elementor_5695077 .ue-text, #uc_uc_material_bullets_elementor_5695077 .ue-title, #uc_uc_material_bullets_elementor_5695077 .ue-seperator\n{\n  width:100%;\n}\n\n#uc_uc_material_bullets_elementor_5695077 .ue-seperator-line\n{\n  display:inline-block;\n  font-size:0px;\n}\n\n#uc_uc_material_bullets_elementor_5695077 .ue-seperator\n{\n  font-size:0px;\n}\n\n#uc_uc_material_bullets_elementor_5695077.uc-remote-parent .uc_material_bullets_row\n{\n  cursor:pointer;\n}\n\n.ue-title\n{\n  font-size:21px;\n  margin:0;\n}\n\n<\/style>\n\n<div class=\"uc_material_bullets \"  id=\"uc_uc_material_bullets_elementor_5695077\" >   \t\n    \t<div class=\"ue-bullets\">\n          \t<div class=\"uc_material_bullets_row elementor-repeater-item-cde398c\">\n              <div class=\"ue-icon\">\n                    <i class='fas fa-caret-right'><\/i>                    \t\n\n                \n              <\/div>\n  <div class=\"uc_content_box uc_ceal\">\n    <div class=\"ue-title\"><\/div>\n    \n    \t\n    \n    <div class=\"ue-text\">Alerjik olmayan ki\u015filerin rekombinant, hipoalerjenik hu\u015f a\u011fac\u0131 poleni par\u00e7alar\u0131 ile a\u015f\u0131lanmas\u0131 (MUW ile i\u015fbirli\u011fi, Inst. f. Patofizyoloji ve Alerji Ara\u015ft\u0131rmalar\u0131; Yay\u0131n: J Allergy Clin Immunol 2019)<\/div>\t\n  <\/div>\n    \t\n<\/div>\n<div class=\"uc_material_bullets_row elementor-repeater-item-f100d22\">\n              <div class=\"ue-icon\">\n                    <i class='fas fa-caret-right'><\/i>                    \t\n\n                \n              <\/div>\n  <div class=\"uc_content_box uc_ceal\">\n    <div class=\"ue-title\"><\/div>\n    \n    \t\n    \n    <div class=\"ue-text\">Hu\u015f a\u011fac\u0131 polenine kar\u015f\u0131 subkutan imm\u00fcnoterapinin etkinli\u011fi ve tolerabilitesi \u00fczerine Faz III \u00e7al\u0131\u015fma (2018'de tamamland\u0131)<\/div>\t\n  <\/div>\n    \t\n<\/div>\n<div class=\"uc_material_bullets_row elementor-repeater-item-2dc34a4\">\n              <div class=\"ue-icon\">\n                    <i class='fas fa-caret-right'><\/i>                    \t\n\n                \n              <\/div>\n  <div class=\"uc_content_box uc_ceal\">\n    <div class=\"ue-title\"><\/div>\n    \n    \t\n    \n    <div class=\"ue-text\">Alergoidlerde IgE bloke edici antikorlar\u0131n \u00f6nemi. (MUW ile i\u015fbirli\u011fi, Enstit\u00fc f. Patofizyoloji ve Alerji Ara\u015ft\u0131rmalar\u0131; Yay\u0131n: Clinical Expir. Allergy 2018)<\/div>\t\n  <\/div>\n    \t\n<\/div>\n<div class=\"uc_material_bullets_row elementor-repeater-item-af3264c\">\n              <div class=\"ue-icon\">\n                    <i class='fas fa-caret-right'><\/i>                    \t\n\n                \n              <\/div>\n  <div class=\"uc_content_box uc_ceal\">\n    <div class=\"ue-title\"><\/div>\n    \n    \t\n    \n    <div class=\"ue-text\">\u00c7ocuklarda dilalt\u0131 imm\u00fcnoterapi i\u00e7in bir \u00e7im tabletin tolere edilebilirli\u011fi \u00fczerine Faz IV \u00e7al\u0131\u015fmas\u0131 (2017'de tamamland\u0131)<\/div>\t\n  <\/div>\n    \t\n<\/div>\n<div class=\"uc_material_bullets_row elementor-repeater-item-9dc71af\">\n              <div class=\"ue-icon\">\n                    <i class='fas fa-caret-right'><\/i>                    \t\n\n                \n              <\/div>\n  <div class=\"uc_content_box uc_ceal\">\n    <div class=\"ue-title\"><\/div>\n    \n    \t\n    \n    <div class=\"ue-text\">Dilalt\u0131 imm\u00fcnoterapi i\u00e7in bir tabletin biyolojik aktivitesini belirlemeye y\u00f6nelik Faz II \u00e7al\u0131\u015fmas\u0131 (2016'da tamamland\u0131)<\/div>\t\n  <\/div>\n    \t\n<\/div>\n<div class=\"uc_material_bullets_row elementor-repeater-item-917c8b4\">\n              <div class=\"ue-icon\">\n                    <i class='fas fa-caret-right'><\/i>                    \t\n\n                \n              <\/div>\n  <div class=\"uc_content_box uc_ceal\">\n    <div class=\"ue-title\"><\/div>\n    \n    \t\n    \n    <div class=\"ue-text\">Anti-alerjik burun spreyinin etkinli\u011fine ili\u015fkin Faz IV \u00e7al\u0131\u015fmas\u0131 (Nisan 2016 sonunda tamamlanm\u0131\u015ft\u0131r)<\/div>\t\n  <\/div>\n    \t\n<\/div>\n<div class=\"uc_material_bullets_row elementor-repeater-item-773b198\">\n              <div class=\"ue-icon\">\n                    <i class='fas fa-caret-right'><\/i>                    \t\n\n                \n              <\/div>\n  <div class=\"uc_content_box uc_ceal\">\n    <div class=\"ue-title\"><\/div>\n    \n    \t\n    \n    <div class=\"ue-text\">G\u00fcnl\u00fck ya\u015famda akar iyile\u015ftirme \u00f6nlemlerinin etkinli\u011fi (Diploma tezi 2014-2016)<\/div>\t\n  <\/div>\n    \t\n<\/div>\n<div class=\"uc_material_bullets_row elementor-repeater-item-42b4fbe\">\n              <div class=\"ue-icon\">\n                    <i class='fas fa-caret-right'><\/i>                    \t\n\n                \n              <\/div>\n  <div class=\"uc_content_box uc_ceal\">\n    <div class=\"ue-title\"><\/div>\n    \n    \t\n    \n    <div class=\"ue-text\">Aeroalerjenler i\u00e7in bile\u015fen te\u015fhislerinin klinik \u00f6nemi (diploma tezi devam ediyor)<\/div>\t\n  <\/div>\n    \t\n<\/div>\n\n      <\/div>\n<\/div>\n<!-- end Icon Bullets -->\t\t\t\t<\/div>\n\t\t\t\t<\/div>\n\t\t\t\t\t<\/div>\n\t\t\t\t<\/div>\n\t\t\t\t<\/div>\n\t\t","protected":false},"excerpt":{"rendered":"<p>Ara\u015ft\u0131rma Tan\u0131 ve tedavi alan\u0131ndaki klinik \u00e7al\u0131\u015fmalar merkezimizde d\u00fczenli olarak y\u00fcr\u00fct\u00fclmektedir. Viyana T\u0131p \u00dcniversitesi Patofizyoloji ve Alerji Ara\u015ft\u0131rma Enstit\u00fcs\u00fc, Viyana T\u0131p \u00dcniversitesi Pediatrik Pulmonoloji, Alerji ve Endokrinoloji B\u00f6l\u00fcm\u00fc ve Viyana Challenge Chamber ile i\u015fbirli\u011fimizi s\u00fcrd\u00fcr\u00fcyor ve Almanca anafilaksi kayd\u0131na kat\u0131l\u0131yoruz. Di\u011ferlerinin yan\u0131 s\u0131ra, yak\u0131n zamanda \u015firketimizde a\u015fa\u011f\u0131daki \u00e7al\u0131\u015fmalar y\u00fcr\u00fct\u00fclm\u00fc\u015ft\u00fcr\/y\u00fcr\u00fct\u00fclmektedir: \u00c7al\u0131\u015fmalar Alerjik olmayan ki\u015filerin rekombinant, hipoalerjenik [&hellip;]<\/p>\n","protected":false},"author":1,"featured_media":0,"parent":0,"menu_order":0,"comment_status":"closed","ping_status":"closed","template":"elementor_header_footer","meta":{"_acf_changed":false,"footnotes":""},"class_list":["post-9587","page","type-page","status-publish","hentry"],"acf":[],"_links":{"self":[{"href":"https:\/\/allergiezentrum.at\/tr\/wp-json\/wp\/v2\/pages\/9587","targetHints":{"allow":["GET"]}}],"collection":[{"href":"https:\/\/allergiezentrum.at\/tr\/wp-json\/wp\/v2\/pages"}],"about":[{"href":"https:\/\/allergiezentrum.at\/tr\/wp-json\/wp\/v2\/types\/page"}],"author":[{"embeddable":true,"href":"https:\/\/allergiezentrum.at\/tr\/wp-json\/wp\/v2\/users\/1"}],"replies":[{"embeddable":true,"href":"https:\/\/allergiezentrum.at\/tr\/wp-json\/wp\/v2\/comments?post=9587"}],"version-history":[{"count":2,"href":"https:\/\/allergiezentrum.at\/tr\/wp-json\/wp\/v2\/pages\/9587\/revisions"}],"predecessor-version":[{"id":9594,"href":"https:\/\/allergiezentrum.at\/tr\/wp-json\/wp\/v2\/pages\/9587\/revisions\/9594"}],"wp:attachment":[{"href":"https:\/\/allergiezentrum.at\/tr\/wp-json\/wp\/v2\/media?parent=9587"}],"curies":[{"name":"wp","href":"https:\/\/api.w.org\/{rel}","templated":true}]}}