{"id":9815,"date":"2023-05-24T11:29:56","date_gmt":"2023-05-24T09:29:56","guid":{"rendered":"https:\/\/allergiezentrum.at\/aktarim\/"},"modified":"2025-06-03T16:36:40","modified_gmt":"2025-06-03T14:36:40","slug":"aktarim","status":"publish","type":"page","link":"https:\/\/allergiezentrum.at\/tr\/aktarim\/","title":{"rendered":"aktar\u0131m"},"content":{"rendered":"\t\t<div data-elementor-type=\"wp-page\" data-elementor-id=\"9815\" class=\"elementor elementor-9815 elementor-5979\" data-elementor-post-type=\"page\">\n\t\t\t\t<div class=\"elementor-element elementor-element-11a886f e-con-full e-flex e-con e-parent\" data-id=\"11a886f\" data-element_type=\"container\" data-e-type=\"container\" data-settings=\"{&quot;animation&quot;:&quot;none&quot;}\">\n\t\t<div class=\"elementor-element elementor-element-e8d2ab9 e-con-full e-flex e-con e-child\" data-id=\"e8d2ab9\" data-element_type=\"container\" data-e-type=\"container\" data-settings=\"{&quot;animation&quot;:&quot;none&quot;}\">\n\t\t\t\t<div class=\"elementor-element elementor-element-531a645 elementor-widget elementor-widget-heading\" data-id=\"531a645\" data-element_type=\"widget\" data-e-type=\"widget\" data-settings=\"{&quot;_animation&quot;:&quot;none&quot;,&quot;_animation_mobile&quot;:&quot;none&quot;}\" data-widget_type=\"heading.default\">\n\t\t\t\t<div class=\"elementor-widget-container\">\n\t\t\t\t\t<h1 class=\"elementor-heading-title elementor-size-default\">Sevk belgesi <\/h1>\t\t\t\t<\/div>\n\t\t\t\t<\/div>\n\t\t\t\t<div class=\"elementor-element elementor-element-01a5330 elementor-widget elementor-widget-text-editor\" data-id=\"01a5330\" data-element_type=\"widget\" data-e-type=\"widget\" data-widget_type=\"text-editor.default\">\n\t\t\t\t<div class=\"elementor-widget-container\">\n\t\t\t\t\t\t\t\t\t<p>Randevunuzu SGK \u00fczerinden ya da \u00f6zel olarak alabilirsiniz.<\/p><p>SGK kapsam\u0131nda randevular\u0131n\u0131zda <strong>l\u00fctfen randevunuza E-Card&#8217;\u0131n\u0131z\u0131 ve ge\u00e7erli bir sevk belgesini getirin<\/strong>, b\u00f6ylece sosyal sigortan\u0131z (\u00d6GK, SVS, BVAEB,\u2026) ilgili masraflar\u0131 kar\u015f\u0131layacakt\u0131r.<\/p><p><strong>Bu, hem yeni hastalar\u0131m\u0131z hem de daha \u00f6nce bizde olan ve \u015fimdi yeni bir randevuya sahip olan hastalar\u0131m\u0131z i\u00e7in ge\u00e7erlidir.<\/strong><\/p><p>E\u011fer randevunuza sevk belgesi getirmezseniz, Alerji Merkezi Viyana Bat\u0131&#8217;n\u0131n ilgili sosyal sigorta ile faturalama yapma imk\u00e2n\u0131 olmayacak ve <strong>sa\u011flanan hizmetler size \u00f6zel olarak faturaland\u0131r\u0131lacakt\u0131r<\/strong>.<\/p><p><strong>\u00d6zel randevular veya yaln\u0131zca \u00f6zel hizmetlerde sevk belgesi gerekli de\u011fildir<\/strong>. Buna H2 solunum testi, beslenme dan\u0131\u015fmanl\u0131\u011f\u0131, ALEX testi, akupunktur, \u00e7ocuk pulmonoloji muayenesi ve ko\u015fu provokasyon testi dahildir. <\/p><p>L\u00fctfen dikkat edin, baz\u0131 \u00f6zel hizmetler (\u00f6rne\u011fin H2 solunum testi), personelimizin m\u00fcsaitli\u011fine ve duruma g\u00f6re ayn\u0131 g\u00fcn ba\u015fka hizmetlerle (\u00f6rne\u011fin doktor g\u00f6r\u00fc\u015fmesi, prick testi, kan al\u0131m\u0131 vb.) birlikte yap\u0131labilir. Bu hizmetler, sigorta taraf\u0131ndan kar\u015f\u0131lanaca\u011f\u0131 i\u00e7in sevk belgesi ve E-Card gerekebilir. Bu nedenle, randevunuza E-Card&#8217;\u0131n\u0131z\u0131 ve ge\u00e7erli bir sevk belgesini (pratisyen hekim veya uzman hekimden) yan\u0131n\u0131zda getirdi\u011finizden emin olun. <\/p><p>Bunun yan\u0131 s\u0131ra, baz\u0131 \u00f6zel hizmetler (\u00f6rne\u011fin histamin intolerans\u0131 testi, \u00e7\u00f6lyak taramas\u0131), yaln\u0131zca di\u011fer hizmetlerle (\u00f6rne\u011fin doktor g\u00f6r\u00fc\u015fmesi, kan al\u0131m\u0131 vb.) birlikte yap\u0131lmas\u0131 zorunlu olup, sigorta taraf\u0131ndan kar\u015f\u0131lanacak ve bu nedenle yeniden sevk belgesi ve E-Card gerekecektir. Bu nedenle, randevunuza E-Card&#8217;\u0131n\u0131z\u0131 ve ge\u00e7erli bir sevk belgesini (pratisyen hekim veya uzman hekimden) yan\u0131n\u0131zda getirdi\u011finizden emin olun. <\/p><p>Sevk belgesi asl\u0131nda sadece bir ay ge\u00e7erlidir. Ancak randevu almak i\u00e7in uzun bekleme s\u00fcresi nedeniyle \u015fu anda 6 aya kadar eski olan sevk belgelerini kabul ediyoruz. \u00d6rne\u011fin, randevunuz 10 Eyl\u00fcl&#8217;de ise, sevk belgesinin Nisan ile Eyl\u00fcl aras\u0131nda d\u00fczenlenmi\u015f olmas\u0131 gerekir; randevunuz 2 Ekim&#8217;de ise, sevk belgesinin May\u0131s ile Ekim aras\u0131nda d\u00fczenlenmi\u015f olmas\u0131 gerekir.  <\/p><p>Sorular\u0131n\u0131z varsa veya randevunuzdan \u00f6nce\/sonra sevk belgesini g\u00f6ndermemizi istiyorsan\u0131z, l\u00fctfen \u00e7ekinmeden gi\u015fe personelimizle ileti\u015fime ge\u00e7in, telefonla 01 982 41 21 numaral\u0131 telefondan ya da e-posta ile <a href=\"https:\/\/allergiezentrum.at\/tr\/bize-ulasin\/\" target=\"_blank\" rel=\"noopener\">ileti\u015fim formumuzu<\/a> kullanarak bize ula\u015f\u0131n.<\/p>\t\t\t\t\t\t\t\t<\/div>\n\t\t\t\t<\/div>\n\t\t\t\t<\/div>\n\t\t<div class=\"elementor-element elementor-element-47bc305 e-con-full e-flex e-con e-child\" data-id=\"47bc305\" data-element_type=\"container\" data-e-type=\"container\" data-settings=\"{&quot;animation&quot;:&quot;none&quot;}\">\n\t\t\t\t<div class=\"elementor-element elementor-element-2c9965f elementor-widget elementor-widget-heading\" data-id=\"2c9965f\" data-element_type=\"widget\" data-e-type=\"widget\" data-settings=\"{&quot;_animation&quot;:&quot;none&quot;,&quot;_animation_mobile&quot;:&quot;none&quot;}\" data-widget_type=\"heading.default\">\n\t\t\t\t<div class=\"elementor-widget-container\">\n\t\t\t\t\t<h2 class=\"elementor-heading-title elementor-size-default\">Sevk belgesi g\u00f6ndermek:<\/h2>\t\t\t\t<\/div>\n\t\t\t\t<\/div>\n\t\t\t\t<div class=\"elementor-element elementor-element-82b9ea4 elementor-widget elementor-widget-wpforms\" data-id=\"82b9ea4\" data-element_type=\"widget\" data-e-type=\"widget\" data-widget_type=\"wpforms.default\">\n\t\t\t\t<div class=\"elementor-widget-container\">\n\t\t\t\t\t<div class=\"wpforms-container wpforms-container-full\" id=\"wpforms-5988\"><form id=\"wpforms-form-5988\" class=\"wpforms-validate wpforms-form wpforms-ajax-form\" data-formid=\"5988\" method=\"post\" enctype=\"multipart\/form-data\" action=\"\/tr\/wp-json\/wp\/v2\/pages\/9815?wpforms_form_id=5988\" data-token=\"b6deeacfe08b20f01b4638bba6d0dd1a\" data-token-time=\"1778165733\"><noscript class=\"wpforms-error-noscript\">Bu formu bitirebilmek i\u00e7in taray\u0131c\u0131n\u0131zda JavaScript&#039;i etkinle\u015ftirin.<\/noscript><div class=\"wpforms-field-container\"><div id=\"wpforms-5988-field_19-container\" class=\"wpforms-field wpforms-field-name\" data-field-id=\"19\"><label class=\"wpforms-field-label\" for=\"wpforms-5988-field_19\">Mein Termin war am:<\/label><div class=\"wpforms-field-row wpforms-field-medium\"><div class=\"wpforms-field-row-block wpforms-first wpforms-one-half\"><input type=\"text\" id=\"wpforms-5988-field_19\" class=\"wpforms-field-name-first\" name=\"wpforms[fields][19][first]\" placeholder=\"Datum\" ><label for=\"wpforms-5988-field_19\" class=\"wpforms-field-sublabel after wpforms-sublabel-hide\">Ad<\/label><\/div><div class=\"wpforms-field-row-block wpforms-one-half\"><input type=\"text\" id=\"wpforms-5988-field_19-last\" class=\"wpforms-field-name-last\" name=\"wpforms[fields][19][last]\" placeholder=\"Uhrzeit\" ><label for=\"wpforms-5988-field_19-last\" class=\"wpforms-field-sublabel after wpforms-sublabel-hide\">Soyad<\/label><\/div><\/div><\/div><div id=\"wpforms-5988-field_0-container\" class=\"wpforms-field wpforms-field-name\" data-field-id=\"0\"><label class=\"wpforms-field-label\" for=\"wpforms-5988-field_0\">Name <span class=\"wpforms-required-label\">*<\/span><\/label><div class=\"wpforms-field-row wpforms-field-medium\"><div class=\"wpforms-field-row-block wpforms-first wpforms-one-half\"><input type=\"text\" id=\"wpforms-5988-field_0\" class=\"wpforms-field-name-first wpforms-field-required\" name=\"wpforms[fields][0][first]\" placeholder=\"Vorname\" required><label for=\"wpforms-5988-field_0\" class=\"wpforms-field-sublabel after wpforms-sublabel-hide\">Ad<\/label><\/div><div class=\"wpforms-field-row-block wpforms-one-half\"><input type=\"text\" id=\"wpforms-5988-field_0-last\" class=\"wpforms-field-name-last wpforms-field-required\" name=\"wpforms[fields][0][last]\" placeholder=\"Nachname\" required><label for=\"wpforms-5988-field_0-last\" class=\"wpforms-field-sublabel after wpforms-sublabel-hide\">Soyad<\/label><\/div><\/div><\/div><div id=\"wpforms-5988-field_3-container\" class=\"wpforms-field wpforms-field-text\" data-field-id=\"3\"><label class=\"wpforms-field-label\" for=\"wpforms-5988-field_3\">Geburtsdatum <span class=\"wpforms-required-label\">*<\/span><\/label><input type=\"text\" id=\"wpforms-5988-field_3\" class=\"wpforms-field-medium wpforms-field-required wpforms-masked-input\" data-rule-inputmask-incomplete=\"1\" data-inputmask-alias=\"datetime\" data-inputmask-inputformat=\"dd\/mm\/yyyy\" data-inputmask-inputmode=\"numeric\" name=\"wpforms[fields][3]\" required><\/div><div id=\"wpforms-5988-field_8-container\" class=\"wpforms-field wpforms-field-text\" data-field-id=\"8\"><label class=\"wpforms-field-label\" for=\"wpforms-5988-field_8\">Sozialversicherungsnummer (10stellig) <span class=\"wpforms-required-label\">*<\/span><\/label><input type=\"text\" id=\"wpforms-5988-field_8\" class=\"wpforms-field-medium wpforms-field-required\" name=\"wpforms[fields][8]\" required><\/div><div id=\"wpforms-5988-field_9-container\" class=\"wpforms-field wpforms-field-phone\" data-field-id=\"9\"><label class=\"wpforms-field-label\" for=\"wpforms-5988-field_9\">Telefonnummer <span class=\"wpforms-required-label\">*<\/span><\/label><input type=\"tel\" id=\"wpforms-5988-field_9\" class=\"wpforms-field-medium wpforms-field-required\" data-rule-int-phone-field=\"true\" name=\"wpforms[fields][9]\" aria-label=\"Telefonnummer\" required><\/div><div id=\"wpforms-5988-field_1-container\" class=\"wpforms-field wpforms-field-email\" data-field-id=\"1\"><label class=\"wpforms-field-label\" for=\"wpforms-5988-field_1\">E-Mail <span class=\"wpforms-required-label\">*<\/span><\/label><input type=\"email\" id=\"wpforms-5988-field_1\" class=\"wpforms-field-medium wpforms-field-required\" name=\"wpforms[fields][1]\" spellcheck=\"false\" required><\/div><div id=\"wpforms-5988-field_6-container\" class=\"wpforms-field wpforms-field-text\" data-field-id=\"6\"><label class=\"wpforms-field-label\" for=\"wpforms-5988-field_6\">Ihr Patientenpasswort (falls bereits schon erhalten):<\/label><input type=\"text\" id=\"wpforms-5988-field_6\" class=\"wpforms-field-medium\" name=\"wpforms[fields][6]\" ><\/div><div id=\"wpforms-5988-field_13-container\" class=\"wpforms-field wpforms-field-file-upload wpforms-one-half wpforms-first\" data-field-id=\"13\"><label class=\"wpforms-field-label\" for=\"wpforms-5988-field_13\">\u00dcberweisungsschein hochladen <span class=\"wpforms-required-label\">*<\/span><\/label><div\n\t\tclass=\"wpforms-uploader wpforms-field-required\"\n\t\tdata-field-id=\"13\"\n\t\tdata-form-id=\"5988\"\n\t\tdata-input-name=\"wpforms_5988_13\"\n\t\tdata-extensions=\"jpg,png,doc,pdf\"\n\t\tdata-max-size=\"5242880\"\n\t\tdata-max-file-number=\"2\"\n\t\tdata-post-max-size=\"524288000\"\n\t\tdata-max-parallel-uploads=\"4\"\n\t\tdata-parallel-uploads=\"true\"\n\t\tdata-file-chunk-size=\"2097152\">\n\t<div class=\"dz-message\">\n\t\t<svg  viewBox=\"0 0 640 640\" focusable=\"false\" data-icon=\"inbox\" width=\"50px\" height=\"50px\" fill=\"currentColor\" aria-hidden=\"true\">\n\t\t\t<path d=\"M352 173.3L352 384C352 401.7 337.7 416 320 416C302.3 416 288 401.7 288 384L288 173.3L246.6 214.7C234.1 227.2 213.8 227.2 201.3 214.7C188.8 202.2 188.8 181.9 201.3 169.4L297.3 73.4C309.8 60.9 330.1 60.9 342.6 73.4L438.6 169.4C451.1 181.9 451.1 202.2 438.6 214.7C426.1 227.2 405.8 227.2 393.3 214.7L352 173.3zM320 464C364.2 464 400 428.2 400 384L480 384C515.3 384 544 412.7 544 448L544 480C544 515.3 515.3 544 480 544L160 544C124.7 544 96 515.3 96 480L96 448C96 412.7 124.7 384 160 384L240 384C240 428.2 275.8 464 320 464zM464 488C477.3 488 488 477.3 488 464C488 450.7 477.3 440 464 440C450.7 440 440 450.7 440 464C440 477.3 450.7 488 464 488z\"\/>\n\t\t<\/svg>\n\n\t\t<span class=\"modern-title\">\n\t\t\t\t\t\t\tDrag &amp; Drop Files, \t\t\t\t<span>Choose Files to Upload<\/span>\n\t\t\t\t\t<\/span>\n\n\t\t\t\t\t<span class=\"modern-hint\">En fazla 2 dosya y\u00fckleyebilirsiniz.<\/span>\n\t\t\t<\/div>\n<\/div>\n\n<input\n\t\ttype=\"text\"\n\t\tautocomplete=\"off\"\n\t\treadonly\n\t\tclass=\"dropzone-input\"\n\t\tstyle=\"position:absolute!important;clip:rect(0,0,0,0)!important;height:1px!important;width:1px!important;border:0!important;overflow:hidden!important;padding:0!important;margin:0!important;\"\n\t\tid=\"wpforms-5988-field_13\"\n\t\tname=\"wpforms_5988_13\" required\t\tvalue=\"\">\n<\/div><\/div><!-- .wpforms-field-container --><div class=\"wpforms-recaptcha-container wpforms-is-recaptcha wpforms-is-recaptcha-type-invisible\" ><div class=\"g-recaptcha\" data-sitekey=\"6LfuNsMeAAAAAFEsqVJDgovj74aRolChcA45UtYq\" data-size=\"invisible\"><\/div><\/div><div class=\"wpforms-submit-container\" ><input type=\"hidden\" name=\"wpforms[id]\" value=\"5988\"><input type=\"hidden\" name=\"page_title\" value=\"\"><input type=\"hidden\" name=\"page_url\" value=\"https:\/\/allergiezentrum.at\/tr\/wp-json\/wp\/v2\/pages\/9815\"><input type=\"hidden\" name=\"url_referer\" value=\"\"><button type=\"submit\" name=\"wpforms[submit]\" id=\"wpforms-submit-5988\" class=\"wpforms-submit\" data-alt-text=\"Senden....\" data-submit-text=\"\u00dcberweisungsschein senden\" aria-live=\"assertive\" value=\"wpforms-submit\">\u00dcberweisungsschein senden<\/button><img decoding=\"async\" src=\"https:\/\/allergiezentrum.at\/wp-content\/plugins\/wpforms\/assets\/images\/submit-spin.svg\" class=\"wpforms-submit-spinner\" style=\"display: none;\" width=\"26\" height=\"26\" alt=\"Y\u00fckleniyor\"><\/div><\/form><\/div>  <!-- .wpforms-container -->\t\t\t\t<\/div>\n\t\t\t\t<\/div>\n\t\t\t\t<\/div>\n\t\t\t\t<\/div>\n\t\t<div class=\"elementor-element elementor-element-5ad8d48 e-flex e-con-boxed e-con e-parent\" data-id=\"5ad8d48\" data-element_type=\"container\" data-e-type=\"container\">\n\t\t\t\t\t<div class=\"e-con-inner\">\n\t\t<div class=\"elementor-element elementor-element-e69850c e-con-full e-flex e-con e-child\" data-id=\"e69850c\" data-element_type=\"container\" data-e-type=\"container\">\n\t\t\t\t<div class=\"elementor-element elementor-element-b086633 elementor-widget elementor-widget-heading\" data-id=\"b086633\" data-element_type=\"widget\" data-e-type=\"widget\" data-settings=\"{&quot;_animation&quot;:&quot;none&quot;,&quot;_animation_mobile&quot;:&quot;none&quot;}\" data-widget_type=\"heading.default\">\n\t\t\t\t<div class=\"elementor-widget-container\">\n\t\t\t\t\t<h2 class=\"elementor-heading-title elementor-size-default\">Sevk a\u00e7\u0131klamas\u0131<\/h2>\t\t\t\t<\/div>\n\t\t\t\t<\/div>\n\t\t\t\t<div class=\"elementor-element elementor-element-bf5feab elementor-widget elementor-widget-image\" data-id=\"bf5feab\" data-element_type=\"widget\" data-e-type=\"widget\" data-widget_type=\"image.default\">\n\t\t\t\t<div class=\"elementor-widget-container\">\n\t\t\t\t\t\t\t\t\t\t\t\t\t\t\t<img fetchpriority=\"high\" decoding=\"async\" width=\"595\" height=\"841\" src=\"https:\/\/allergiezentrum.at\/wp-content\/uploads\/2023\/06\/Ueberweisungsschein-Nummerierung.webp\" class=\"attachment-1536x1536 size-1536x1536 wp-image-8735\" alt=\"\" srcset=\"https:\/\/allergiezentrum.at\/wp-content\/uploads\/2023\/06\/Ueberweisungsschein-Nummerierung.webp 595w, https:\/\/allergiezentrum.at\/wp-content\/uploads\/2023\/06\/Ueberweisungsschein-Nummerierung-212x300.webp 212w\" sizes=\"(max-width: 595px) 100vw, 595px\" \/>\t\t\t\t\t\t\t\t\t\t\t\t\t\t\t<\/div>\n\t\t\t\t<\/div>\n\t\t\t\t<\/div>\n\t\t<div class=\"elementor-element elementor-element-021bd88 e-con-full e-flex e-con e-child\" data-id=\"021bd88\" data-element_type=\"container\" data-e-type=\"container\">\n\t\t\t\t<div class=\"elementor-element elementor-element-a733300 elementor-widget elementor-widget-ucaddon_list\" data-id=\"a733300\" data-element_type=\"widget\" data-e-type=\"widget\" data-widget_type=\"ucaddon_list.default\">\n\t\t\t\t<div class=\"elementor-widget-container\">\n\t\t\t\t\t\n<!-- start List -->\n\t\t<link id='font-awesome-css' href='https:\/\/allergiezentrum.at\/wp-content\/plugins\/unlimited-elements-for-elementor-premium\/assets_libraries\/font-awesome6\/fontawesome-all.min.css' type='text\/css' rel='stylesheet' >\n\t\t<link id='font-awesome-4-shim-css' href='https:\/\/allergiezentrum.at\/wp-content\/plugins\/unlimited-elements-for-elementor-premium\/assets_libraries\/font-awesome6\/fontawesome-v4-shims.min.css' type='text\/css' rel='stylesheet' >\n\n<style>\/* widget: List *\/\n\n#uc_list_elementor_a733300{\n  display:grid;\n}\n\n#uc_list_elementor_a733300 .ue-list-item\n{\n  display:flex;\n}\n\n#uc_list_elementor_a733300 .ue-list-item-index\n{\n  flex-grow:0;\n  flex-shrink:0;\n  display:flex;\n  align-items:center;\n  justify-content:center;\n  line-height:1em;\n}\n\n#uc_list_elementor_a733300 .ue-list-item-index svg\n{\n  height:1em;\n  width:1em;\n}\n\n#uc_list_elementor_a733300 .ue-list-item-gap\n{\n  flex-grow:0;\n  flex-shrink:0;\n}\n\n#uc_list_elementor_a733300 .ue-list-item-content\n{\n  flex-grow:1;\n}\n\n<\/style>\n\n<div id=\"uc_list_elementor_a733300\" class=\"ue-list\">\n  <div class=\"ue-list-item elementor-repeater-item-0174b60\">\n  <div class=\"ue-list-item-index\">\n      1        <\/div>\n  <div class=\"ue-list-item-gap\"><\/div>\n  <div class=\"ue-list-item-content\">\n    <div class=\"ue-list-item-title\">Sosyal sigorta<\/div>\n    <div class=\"ue-list-item-text\"><p>Burada, muayene masraflar\u0131n\u0131 kar\u015f\u0131layacak olan mevcut sosyal sigortan\u0131z (\u00d6GK, SVS,...) yer almaktad\u0131r.<\/p>\n<\/div>\n  <\/div>\n<\/div>\n<div class=\"ue-list-item elementor-repeater-item-59934ff\">\n  <div class=\"ue-list-item-index\">\n      2        <\/div>\n  <div class=\"ue-list-item-gap\"><\/div>\n  <div class=\"ue-list-item-content\">\n    <div class=\"ue-list-item-title\">Hasta ad\u0131<\/div>\n    <div class=\"ue-list-item-text\"><p>Burada ad\u0131n\u0131z ve soyad\u0131n\u0131z yer almaktad\u0131r.<\/p>\n<\/div>\n  <\/div>\n<\/div>\n<div class=\"ue-list-item elementor-repeater-item-6fda95a\">\n  <div class=\"ue-list-item-index\">\n      3        <\/div>\n  <div class=\"ue-list-item-gap\"><\/div>\n  <div class=\"ue-list-item-content\">\n    <div class=\"ue-list-item-title\">Hasta sigorta numaras\u0131<\/div>\n    <div class=\"ue-list-item-text\"><p>Burada ge\u00e7erli, on haneli sigorta numaran\u0131z yer almaktad\u0131r.<\/p>\n<\/div>\n  <\/div>\n<\/div>\n<div class=\"ue-list-item elementor-repeater-item-fa983f2\">\n  <div class=\"ue-list-item-index\">\n      4        <\/div>\n  <div class=\"ue-list-item-gap\"><\/div>\n  <div class=\"ue-list-item-content\">\n    <div class=\"ue-list-item-title\">Hasta adresi<\/div>\n    <div class=\"ue-list-item-text\"><p>Burada ge\u00e7erli adresiniz yer almaktad\u0131r. L\u00fctfen bunu kontrol edin, \u00e7\u00fcnk\u00fc raporunuz bu adrese posta ile g\u00f6nderilecektir. <\/p>\n<\/div>\n  <\/div>\n<\/div>\n<div class=\"ue-list-item elementor-repeater-item-76ca54e\">\n  <div class=\"ue-list-item-index\">\n      5        <\/div>\n  <div class=\"ue-list-item-gap\"><\/div>\n  <div class=\"ue-list-item-content\">\n    <div class=\"ue-list-item-title\">Hasta imzas\u0131<\/div>\n    <div class=\"ue-list-item-text\"><p>Burada imzalaman\u0131z gerekmektedir. E\u011fer sevk belgesini dijital olarak g\u00f6nderirseniz, sevk belgesini imzalaman\u0131z zorunlu de\u011fildir. <\/p>\n<\/div>\n  <\/div>\n<\/div>\n<div class=\"ue-list-item elementor-repeater-item-6b396cc\">\n  <div class=\"ue-list-item-index\">\n      6        <\/div>\n  <div class=\"ue-list-item-gap\"><\/div>\n  <div class=\"ue-list-item-content\">\n    <div class=\"ue-list-item-title\">Tan\u0131<\/div>\n    <div class=\"ue-list-item-text\"><p>Burada, doktorlar\u0131n\u0131z\u0131n ge\u00e7erli tan\u0131s\u0131 yer almaktad\u0131r. \u0130deal olarak burada \"Alerji muayenesi talep edilmi\u015ftir\" \u015feklinde ifade edilmelidir. <\/p>\n<\/div>\n  <\/div>\n<\/div>\n<div class=\"ue-list-item elementor-repeater-item-b7a2741\">\n  <div class=\"ue-list-item-index\">\n      7        <\/div>\n  <div class=\"ue-list-item-gap\"><\/div>\n  <div class=\"ue-list-item-content\">\n    <div class=\"ue-list-item-title\">Tarih<\/div>\n    <div class=\"ue-list-item-text\"><p>Burada, muayene masraflar\u0131n\u0131 kar\u015f\u0131layacak olan ge\u00e7erli sosyal sigorta yer almaktad\u0131r.<\/p>\n<\/div>\n  <\/div>\n<\/div>\n<div class=\"ue-list-item elementor-repeater-item-2abc4f2\">\n  <div class=\"ue-list-item-index\">\n      8        <\/div>\n  <div class=\"ue-list-item-gap\"><\/div>\n  <div class=\"ue-list-item-content\">\n    <div class=\"ue-list-item-title\">Doktor imzas\u0131<\/div>\n    <div class=\"ue-list-item-text\"><p>Buraya doktorunuzun imzalamas\u0131 gerekmektedir.<\/p>\n<\/div>\n  <\/div>\n<\/div>\n\n<\/div>\n<!-- end List -->\t\t\t\t<\/div>\n\t\t\t\t<\/div>\n\t\t\t\t<\/div>\n\t\t\t\t\t<\/div>\n\t\t\t\t<\/div>\n\t\t\t\t<\/div>\n\t\t","protected":false},"excerpt":{"rendered":"<p>Sevk belgesi Randevunuzu SGK \u00fczerinden ya da \u00f6zel olarak alabilirsiniz. SGK kapsam\u0131nda randevular\u0131n\u0131zda l\u00fctfen randevunuza E-Card&#8217;\u0131n\u0131z\u0131 ve ge\u00e7erli bir sevk belgesini getirin, b\u00f6ylece sosyal sigortan\u0131z (\u00d6GK, SVS, BVAEB,\u2026) ilgili masraflar\u0131 kar\u015f\u0131layacakt\u0131r. Bu, hem yeni hastalar\u0131m\u0131z hem de daha \u00f6nce bizde olan ve \u015fimdi yeni bir randevuya sahip olan hastalar\u0131m\u0131z i\u00e7in ge\u00e7erlidir. E\u011fer randevunuza sevk belgesi [&hellip;]<\/p>\n","protected":false},"author":1,"featured_media":0,"parent":0,"menu_order":0,"comment_status":"closed","ping_status":"closed","template":"elementor_header_footer","meta":{"_acf_changed":false,"footnotes":""},"class_list":["post-9815","page","type-page","status-publish","hentry"],"acf":[],"_links":{"self":[{"href":"https:\/\/allergiezentrum.at\/tr\/wp-json\/wp\/v2\/pages\/9815","targetHints":{"allow":["GET"]}}],"collection":[{"href":"https:\/\/allergiezentrum.at\/tr\/wp-json\/wp\/v2\/pages"}],"about":[{"href":"https:\/\/allergiezentrum.at\/tr\/wp-json\/wp\/v2\/types\/page"}],"author":[{"embeddable":true,"href":"https:\/\/allergiezentrum.at\/tr\/wp-json\/wp\/v2\/users\/1"}],"replies":[{"embeddable":true,"href":"https:\/\/allergiezentrum.at\/tr\/wp-json\/wp\/v2\/comments?post=9815"}],"version-history":[{"count":3,"href":"https:\/\/allergiezentrum.at\/tr\/wp-json\/wp\/v2\/pages\/9815\/revisions"}],"predecessor-version":[{"id":10091,"href":"https:\/\/allergiezentrum.at\/tr\/wp-json\/wp\/v2\/pages\/9815\/revisions\/10091"}],"wp:attachment":[{"href":"https:\/\/allergiezentrum.at\/tr\/wp-json\/wp\/v2\/media?parent=9815"}],"curies":[{"name":"wp","href":"https:\/\/api.w.org\/{rel}","templated":true}]}}